{"id":54874,"date":"2022-02-07T19:24:30","date_gmt":"2022-02-07T21:24:30","guid":{"rendered":"https:\/\/kuss.lt\/about-us\/"},"modified":"2022-02-09T17:19:16","modified_gmt":"2022-02-09T19:19:16","slug":"about-us","status":"publish","type":"page","link":"https:\/\/kuss.lt\/en\/about-us\/","title":{"rendered":"About us"},"content":{"rendered":"\n<p><strong>Mission <\/strong>&#8211; Purposefully working student organization that serves students\u2019 interests, solves questions relevant to them, and initiates healthy changes.<\/p>\n\n<p><strong>Vision <\/strong> &#8211; Active, critically and constructively thinking KU community, seeking higher quality studies.<\/p>\n\n<p><strong>Values:<\/strong>&#13;\n1. Academicity&#13;\n2. Openness&#13;\n3. Responsibility&#13;\n4. Unity&#13;\n5. Continuity of activity<\/p>\n\n<p style=\"text-align:left\">Klaip\u0117da University Student Union (KUSS\/Klaip\u0117dos Universiteto student\u0173 s\u0105junga) &#8211; it is a non-profit, apolitical student union unifying Klaip\u0117da University\u2019s students which encourages academic communities&#8217; unity, involvement in relevant activities, heightening of the cultural level. It was brought to life in 1994. Currently the organization links together over 100 real members and over 200 KUSS alumni.<\/p>\n\n<p><strong>KUSS<\/strong> &#8211; open, innovative and always improving organization. <strong>Ateik! \u017dinok! Pasitik\u0117k! K<\/strong>ilk <strong>U<\/strong>gdydamas<strong> S<\/strong>ave, <strong>S<\/strong>tudente!&#13;\n<strong>Come! Know! Trust!<\/strong> Rise Educating Yourself, Student!<\/p>\n\n<p>More information about KUSS \u2013 on our Facebook account &#8211; &#8220;Klaip\u0117dos universiteto student\u0173 s\u0105junga&#8221; and on Instagram &#8211; \u201cmes.kuss\u201d<\/p>\n","protected":false},"excerpt":{"rendered":"<p>Mission &#8211; Purposefully working student organization that serves students\u2019 interests, solves questions relevant to them, and initiates healthy changes. Vision &#8211; Active, critically and constructively thinking KU community, seeking higher quality studies. Values:&#13; 1. Academicity&#13; 2. Openness&#13; 3. Responsibility&#13; 4. Unity&#13; 5. Continuity of activity Klaip\u0117da University Student Union (KUSS\/Klaip\u0117dos Universiteto student\u0173 s\u0105junga) &#8211; it&hellip;<\/p>\n","protected":false},"author":5,"featured_media":0,"parent":0,"menu_order":0,"comment_status":"closed","ping_status":"closed","template":"","meta":{"footnotes":""},"class_list":["post-54874","page","type-page","status-publish","hentry","description-off"],"_links":{"self":[{"href":"https:\/\/kuss.lt\/en\/wp-json\/wp\/v2\/pages\/54874","targetHints":{"allow":["GET"]}}],"collection":[{"href":"https:\/\/kuss.lt\/en\/wp-json\/wp\/v2\/pages"}],"about":[{"href":"https:\/\/kuss.lt\/en\/wp-json\/wp\/v2\/types\/page"}],"author":[{"embeddable":true,"href":"https:\/\/kuss.lt\/en\/wp-json\/wp\/v2\/users\/5"}],"replies":[{"embeddable":true,"href":"https:\/\/kuss.lt\/en\/wp-json\/wp\/v2\/comments?post=54874"}],"version-history":[{"count":5,"href":"https:\/\/kuss.lt\/en\/wp-json\/wp\/v2\/pages\/54874\/revisions"}],"predecessor-version":[{"id":55019,"href":"https:\/\/kuss.lt\/en\/wp-json\/wp\/v2\/pages\/54874\/revisions\/55019"}],"wp:attachment":[{"href":"https:\/\/kuss.lt\/en\/wp-json\/wp\/v2\/media?parent=54874"}],"curies":[{"name":"wp","href":"https:\/\/api.w.org\/{rel}","templated":true}]}}