{"id":54881,"date":"2022-02-07T19:32:33","date_gmt":"2022-02-07T21:32:33","guid":{"rendered":"https:\/\/kuss.lt\/central-bureau\/"},"modified":"2026-03-25T15:33:39","modified_gmt":"2026-03-25T17:33:39","slug":"central-bureau","status":"publish","type":"page","link":"https:\/\/kuss.lt\/en\/central-bureau\/","title":{"rendered":"Central bureau"},"content":{"rendered":"<div class=\"wpb-content-wrapper\"><p>[vc_row][vc_column][vc_column_text css=&#8221;&#8221;]Klaip\u0117da University Student Union is located at 120a,\u00a0Faculty of Health Sciences, Klaip\u0117da University, Herkaus Manto str. 84, Klaip\u0117da.<\/p>\n<p><strong>Regarding any questions on concerns you can always contact us by email:<\/strong><\/p>\n<p>E-mail: kuss@kuss.lt<\/p>\n<p><strong>If you have any specific questions you can always contact the KUSS Central Bureau team:<\/strong>[\/vc_column_text]<style type=\"text\/css\" data-type=\"the7_shortcodes-inline-css\">.dt-team-shortcode.team-masonry-shortcode-id-d530ec56ca401561846c8a57002f68ba .team-desc {\n  padding: 20px 20px 20px 20px;\n}\n.dt-team-shortcode.team-masonry-shortcode-id-d530ec56ca401561846c8a57002f68ba .team-author-name,\n.dt-team-shortcode.team-masonry-shortcode-id-d530ec56ca401561846c8a57002f68ba .team-author-name a {\n  margin-bottom: 0px;\n  font-weight: bold;\n}\n.dt-team-shortcode.team-masonry-shortcode-id-d530ec56ca401561846c8a57002f68ba .team-author p {\n  margin-bottom: 10px;\n  font-weight: bold;\n}\n.dt-team-shortcode.team-masonry-shortcode-id-d530ec56ca401561846c8a57002f68ba  .team-media {\n  padding: 0px 0px 0px 0px;\n}\n.dt-team-shortcode.team-masonry-shortcode-id-d530ec56ca401561846c8a57002f68ba .dt-css-grid .team-media img {\n  max-width: 100%;\n}\n.dt-team-shortcode.team-masonry-shortcode-id-d530ec56ca401561846c8a57002f68ba .team-content {\n  margin-bottom: 5px;\n}\n.dt-team-shortcode.team-masonry-shortcode-id-d530ec56ca401561846c8a57002f68ba  .team-media,\n.dt-team-shortcode.team-masonry-shortcode-id-d530ec56ca401561846c8a57002f68ba  .team-media a.rollover,\n.dt-team-shortcode.team-masonry-shortcode-id-d530ec56ca401561846c8a57002f68ba  .team-media a.rollover *,\n.dt-team-shortcode.team-masonry-shortcode-id-d530ec56ca401561846c8a57002f68ba  .team-media img {\n  border-radius: 0px;\n}\n.dt-team-shortcode.team-masonry-shortcode-id-d530ec56ca401561846c8a57002f68ba .soc-ico {\n  margin-bottom: 15px;\n}\n.dt-team-shortcode.team-masonry-shortcode-id-d530ec56ca401561846c8a57002f68ba .soc-ico a {\n  min-width: 26px;\n  min-height: 26px;\n  font-size: 16px;\n  border-radius: 100px;\n}\n.dt-team-shortcode.team-masonry-shortcode-id-d530ec56ca401561846c8a57002f68ba .soc-ico a:not(:last-child) {\n  margin-right: 4px;\n}\n.dt-team-shortcode.team-masonry-shortcode-id-d530ec56ca401561846c8a57002f68ba .soc-ico a:before,\n.dt-team-shortcode.team-masonry-shortcode-id-d530ec56ca401561846c8a57002f68ba .soc-ico a:after {\n  min-width: 26px;\n  min-height: 26px;\n  padding: inherit;\n}\n.dt-icon-border-on.dt-team-shortcode.team-masonry-shortcode-id-d530ec56ca401561846c8a57002f68ba .soc-ico a:before {\n  border: 0px solid transparent;\n}\n.dt-team-shortcode.team-masonry-shortcode-id-d530ec56ca401561846c8a57002f68ba .soc-ico a:hover {\n  font-size: 16px;\n}\n#page .dt-team-shortcode.team-masonry-shortcode-id-d530ec56ca401561846c8a57002f68ba .soc-ico a:hover .soc-font-icon {\n  color: rgba(255,255,255,0.75);\n  background: none;\n}\n.dt-icon-border-hover-on.dt-team-shortcode.team-masonry-shortcode-id-d530ec56ca401561846c8a57002f68ba .soc-ico a:after {\n  border: 0px solid transparent;\n}\n#page .dt-team-shortcode.team-masonry-shortcode-id-d530ec56ca401561846c8a57002f68ba .soc-ico a:not(:hover) .soc-font-icon {\n  color: #ffffff;\n  background: none;\n}\n.dt-team-shortcode.team-masonry-shortcode-id-d530ec56ca401561846c8a57002f68ba .soc-ico a .soc-font-icon {\n  font-size: 16px;\n}\n.dt-team-shortcode.team-masonry-shortcode-id-d530ec56ca401561846c8a57002f68ba .filter-bg-decoration .filter-categories a.act {\n  color: #fff;\n}\n.dt-team-shortcode.team-masonry-shortcode-id-d530ec56ca401561846c8a57002f68ba:not(.resize-by-browser-width) .dt-css-grid {\n  grid-row-gap: 30px;\n  grid-column-gap: 30px;\n  grid-template-columns: repeat(auto-fill,minmax(,1fr));\n}\n.cssgridlegacy.no-cssgrid .dt-team-shortcode.team-masonry-shortcode-id-d530ec56ca401561846c8a57002f68ba:not(.resize-by-browser-width) .dt-css-grid,\n.no-cssgridlegacy.no-cssgrid .dt-team-shortcode.team-masonry-shortcode-id-d530ec56ca401561846c8a57002f68ba:not(.resize-by-browser-width) .dt-css-grid {\n  display: flex;\n  flex-flow: row wrap;\n  margin: -15px;\n}\n.cssgridlegacy.no-cssgrid .dt-team-shortcode.team-masonry-shortcode-id-d530ec56ca401561846c8a57002f68ba:not(.resize-by-browser-width) .dt-css-grid .wf-cell,\n.no-cssgridlegacy.no-cssgrid .dt-team-shortcode.team-masonry-shortcode-id-d530ec56ca401561846c8a57002f68ba:not(.resize-by-browser-width) .dt-css-grid .wf-cell {\n  flex: 1 0 ;\n  max-width: 100%;\n  padding: 15px;\n  box-sizing: border-box;\n}\n.dt-team-shortcode.team-masonry-shortcode-id-d530ec56ca401561846c8a57002f68ba.resize-by-browser-width .dt-css-grid {\n  grid-template-columns: repeat(3,1fr);\n  grid-template-rows: auto;\n  grid-column-gap: 30px;\n  grid-row-gap: 30px;\n}\n.cssgridlegacy.no-cssgrid .dt-team-shortcode.team-masonry-shortcode-id-d530ec56ca401561846c8a57002f68ba.resize-by-browser-width .dt-css-grid,\n.no-cssgridlegacy.no-cssgrid .dt-team-shortcode.team-masonry-shortcode-id-d530ec56ca401561846c8a57002f68ba.resize-by-browser-width .dt-css-grid {\n  margin: -15px;\n}\n.cssgridlegacy.no-cssgrid .dt-team-shortcode.team-masonry-shortcode-id-d530ec56ca401561846c8a57002f68ba.resize-by-browser-width .dt-css-grid .wf-cell,\n.no-cssgridlegacy.no-cssgrid .dt-team-shortcode.team-masonry-shortcode-id-d530ec56ca401561846c8a57002f68ba.resize-by-browser-width .dt-css-grid .wf-cell {\n  width: 33.333333333333%;\n  padding: 15px;\n}\n@media screen and (max-width: 1199px) {\n  .dt-team-shortcode.team-masonry-shortcode-id-d530ec56ca401561846c8a57002f68ba.resize-by-browser-width .dt-css-grid {\n    grid-template-columns: repeat(3,1fr);\n  }\n  .cssgridlegacy.no-cssgrid .dt-team-shortcode.team-masonry-shortcode-id-d530ec56ca401561846c8a57002f68ba.resize-by-browser-width .dt-css-grid .wf-cell,\n  .no-cssgridlegacy.no-cssgrid .dt-team-shortcode.team-masonry-shortcode-id-d530ec56ca401561846c8a57002f68ba.resize-by-browser-width .dt-css-grid .wf-cell {\n    width: 33.333333333333%;\n  }\n}\n@media screen and (max-width: 991px) {\n  .dt-team-shortcode.team-masonry-shortcode-id-d530ec56ca401561846c8a57002f68ba.resize-by-browser-width .dt-css-grid {\n    grid-template-columns: repeat(2,1fr);\n  }\n  .cssgridlegacy.no-cssgrid .dt-team-shortcode.team-masonry-shortcode-id-d530ec56ca401561846c8a57002f68ba.resize-by-browser-width .dt-css-grid .wf-cell,\n  .no-cssgridlegacy.no-cssgrid .dt-team-shortcode.team-masonry-shortcode-id-d530ec56ca401561846c8a57002f68ba.resize-by-browser-width .dt-css-grid .wf-cell {\n    width: 50%;\n  }\n}\n@media screen and (max-width: 767px) {\n  .dt-team-shortcode.team-masonry-shortcode-id-d530ec56ca401561846c8a57002f68ba.resize-by-browser-width .dt-css-grid {\n    grid-template-columns: repeat(1,1fr);\n  }\n  .cssgridlegacy.no-cssgrid .dt-team-shortcode.team-masonry-shortcode-id-d530ec56ca401561846c8a57002f68ba.resize-by-browser-width .dt-css-grid .wf-cell,\n  .no-cssgridlegacy.no-cssgrid .dt-team-shortcode.team-masonry-shortcode-id-d530ec56ca401561846c8a57002f68ba.resize-by-browser-width .dt-css-grid .wf-cell {\n    width: 100%;\n  }\n}\n<\/style><div class=\"dt-team-masonry-shortcode dt-team-shortcode team-masonry-shortcode-id-d530ec56ca401561846c8a57002f68ba loading-effect-none mode-grid jquery-filter content-align-center content-bg-on dt-css-grid-wrap scale-img dt-css-grid-wrap dt-icon-bg-on dt-icon-border-on dt-icon-hover-bg-on dt-icon-border-hover-on move-icons-under-position resize-by-browser-width  \" data-padding=\"15px\" data-cur-page=\"1\" data-post-limit=\"-1\" data-pagination-mode=\"none\" data-desktop-columns-num=\"3\" data-v-tablet-columns-num=\"2\" data-h-tablet-columns-num=\"3\" data-phone-columns-num=\"1\" data-width=\"0px\" data-columns=\"0\"><div class=\"dt-css-grid\" ><div class=\"visible wf-cell\" data-post-id=\"55181\" data-date=\"2022-05-19T18:22:17-02:00\" data-name=\"Dovydas Varanavi\u010dius\"><div class=\"team-container visible post post-55181 dt_team type-dt_team status-publish has-post-thumbnail hentry dt_team_category-central-bureau dt_team_category-221\"><div class=\"team-media\"><span><img fetchpriority=\"high\" decoding=\"async\" class=\"preload-me iso-lazy-load aspect\" src=\"data:image\/svg+xml,%3Csvg%20xmlns%3D&#39;http%3A%2F%2Fwww.w3.org%2F2000%2Fsvg&#39;%20viewBox%3D&#39;0%200%201365%201365&#39;%2F%3E\" data-src=\"https:\/\/kuss.lt\/wp-content\/uploads\/2024\/03\/da03ad42-a48b-4255-9b35-2fb3a09e4380-e1774457268288-1365x1365.jpg\" data-srcset=\"https:\/\/kuss.lt\/wp-content\/uploads\/2024\/03\/da03ad42-a48b-4255-9b35-2fb3a09e4380-e1774457268288-1365x1365.jpg 1365w\" loading=\"eager\" style=\"--ratio: 1365 \/ 1365\" sizes=\"(max-width: 1365px) 100vw, 1365px\" width=\"1365\" height=\"1365\"  title=\"24. Dovydas Varanavi\u010dus 26 &#8211; now\" alt=\"\" \/><\/span><\/div><div class=\"team-desc\"><div class=\"team-author\"><div class=\"team-author-name\">Dovydas Varanavi\u010dius<\/div><p>President<\/p><\/div><div class=\"team-content\">\n<p>president@kuss.lt<\/p>\n\n\n\n<p>+370 670 97358<\/p>\n\n\n\n<p><\/p>\n<\/div><div class=\"soc-ico\"><a title=\"E-mail\" href=\"mailto:president@kuss.lt\" target=\"_top\" class=\"mail\"><span class=\"soc-font-icon\"><\/span><span class=\"screen-reader-text\">E-mail<\/span><\/a><\/div><\/div><\/div><\/div><div class=\"visible wf-cell\" data-post-id=\"55193\" data-date=\"2022-05-19T18:43:07-02:00\" data-name=\"Gerda Gintalait\u0117\"><div class=\"team-container visible post post-55193 dt_team type-dt_team status-publish has-post-thumbnail hentry dt_team_category-central-bureau dt_team_category-221\"><div class=\"team-media\"><span><img decoding=\"async\" class=\"preload-me iso-lazy-load aspect\" src=\"data:image\/svg+xml,%3Csvg%20xmlns%3D&#39;http%3A%2F%2Fwww.w3.org%2F2000%2Fsvg&#39;%20viewBox%3D&#39;0%200%201365%201365&#39;%2F%3E\" data-src=\"https:\/\/kuss.lt\/wp-content\/uploads\/2024\/03\/abdb95be-60a3-446e-be93-aac9e75d1977-e1773826846111-1365x1365.jpg\" data-srcset=\"https:\/\/kuss.lt\/wp-content\/uploads\/2024\/03\/abdb95be-60a3-446e-be93-aac9e75d1977-e1773826846111-1365x1365.jpg 1365w\" loading=\"eager\" style=\"--ratio: 1365 \/ 1365\" sizes=\"(max-width: 1365px) 100vw, 1365px\" width=\"1365\" height=\"1365\"  title=\"abdb95be-60a3-446e-be93-aac9e75d1977\" alt=\"\" \/><\/span><\/div><div class=\"team-desc\"><div class=\"team-author\"><div class=\"team-author-name\">Gerda Gintalait\u0117<\/div><p>Vicepresident<\/p><\/div><div class=\"team-content\">\n<p>vice@kuss.lt<\/p>\n\n\n\n<p>+370 614 54153<\/p>\n\n\n\n<p><\/p>\n<\/div><div class=\"soc-ico\"><a title=\"E-mail\" href=\"mailto:vice@kuss.lt\" target=\"_top\" class=\"mail\"><span class=\"soc-font-icon\"><\/span><span class=\"screen-reader-text\">E-mail<\/span><\/a><\/div><\/div><\/div><\/div><div class=\"visible wf-cell\" data-post-id=\"56625\" data-date=\"2026-02-21T11:26:01-02:00\" data-name=\"Saul\u0117 Kokait\u0117\"><div class=\"team-container visible post post-56625 dt_team type-dt_team status-publish has-post-thumbnail hentry dt_team_category-central-bureau dt_team_category-221\"><div class=\"team-media\"><span><img decoding=\"async\" class=\"preload-me iso-lazy-load aspect\" src=\"data:image\/svg+xml,%3Csvg%20xmlns%3D&#39;http%3A%2F%2Fwww.w3.org%2F2000%2Fsvg&#39;%20viewBox%3D&#39;0%200%202560%202560&#39;%2F%3E\" data-src=\"https:\/\/kuss.lt\/wp-content\/uploads\/2019\/10\/MG_2880optimised-and-cropped-scaled.webp\" data-srcset=\"https:\/\/kuss.lt\/wp-content\/uploads\/2019\/10\/MG_2880optimised-and-cropped-scaled.webp 2560w\" loading=\"eager\" style=\"--ratio: 2560 \/ 2560\" sizes=\"(max-width: 2560px) 100vw, 2560px\" width=\"2560\" height=\"2560\"  title=\"_MG_2880optimised and cropped\" alt=\"\" \/><\/span><\/div><div class=\"team-desc\"><div class=\"team-author\"><div class=\"team-author-name\">Saul\u0117 Kokait\u0117<\/div><p>Social and Academic Affairs<\/p><\/div><div class=\"team-content\">\n<p>academ@kuss.lt<\/p>\n\n\n\n<p>+370 652 17892<\/p>\n\n\n\n<p><\/p>\n<\/div><div class=\"soc-ico\"><a title=\"E-mail\" href=\"mailto:academ@kuss.lt\" target=\"_top\" class=\"mail\"><span class=\"soc-font-icon\"><\/span><span class=\"screen-reader-text\">E-mail<\/span><\/a><\/div><\/div><\/div><\/div><div class=\"visible wf-cell\" data-post-id=\"55192\" data-date=\"2022-05-19T18:41:30-02:00\" data-name=\"Matas Ston\u010daitis\"><div class=\"team-container visible post post-55192 dt_team type-dt_team status-publish has-post-thumbnail hentry dt_team_category-central-bureau dt_team_category-221\"><div class=\"team-media\"><span><img decoding=\"async\" class=\"preload-me iso-lazy-load aspect\" src=\"data:image\/svg+xml,%3Csvg%20xmlns%3D&#39;http%3A%2F%2Fwww.w3.org%2F2000%2Fsvg&#39;%20viewBox%3D&#39;0%200%202560%202560&#39;%2F%3E\" data-src=\"https:\/\/kuss.lt\/wp-content\/uploads\/2024\/03\/MG-555-2-scaled.jpg\" data-srcset=\"https:\/\/kuss.lt\/wp-content\/uploads\/2024\/03\/MG-555-2-scaled.jpg 2560w\" loading=\"eager\" style=\"--ratio: 2560 \/ 2560\" sizes=\"(max-width: 2560px) 100vw, 2560px\" width=\"2560\" height=\"2560\"  title=\"MG-555\" alt=\"\" \/><\/span><\/div><div class=\"team-desc\"><div class=\"team-author\"><div class=\"team-author-name\">Matas Ston\u010daitis<\/div><p>Office Manager<\/p><\/div><div class=\"team-content\">\n<p>office@kuss.lt<\/p>\n\n\n\n<p>+370 679 82199<\/p>\n\n\n\n<p><\/p>\n<\/div><div class=\"soc-ico\"><a title=\"E-mail\" href=\"mailto:office@kuss.lt\" target=\"_top\" class=\"mail\"><span class=\"soc-font-icon\"><\/span><span class=\"screen-reader-text\">E-mail<\/span><\/a><\/div><\/div><\/div><\/div><div class=\"visible wf-cell\" data-post-id=\"55856\" data-date=\"2024-03-05T12:06:24-02:00\" data-name=\"Smilt\u0117 Bujokait\u0117\"><div class=\"team-container visible post post-55856 dt_team type-dt_team status-publish has-post-thumbnail hentry dt_team_category-central-bureau dt_team_category-221\"><div class=\"team-media\"><span><img decoding=\"async\" class=\"preload-me iso-lazy-load aspect\" src=\"data:image\/svg+xml,%3Csvg%20xmlns%3D&#39;http%3A%2F%2Fwww.w3.org%2F2000%2Fsvg&#39;%20viewBox%3D&#39;0%200%201998%201998&#39;%2F%3E\" data-src=\"https:\/\/kuss.lt\/wp-content\/uploads\/2024\/03\/da606e48-6736-42f8-9901-5f7a90e3a840-e1773826913969-1998x1998.jpg\" data-srcset=\"https:\/\/kuss.lt\/wp-content\/uploads\/2024\/03\/da606e48-6736-42f8-9901-5f7a90e3a840-e1773826913969-1998x1998.jpg 1998w\" loading=\"eager\" style=\"--ratio: 1998 \/ 1998\" sizes=\"(max-width: 1998px) 100vw, 1998px\" width=\"1998\" height=\"1998\"  title=\"da606e48-6736-42f8-9901-5f7a90e3a840\" alt=\"\" \/><\/span><\/div><div class=\"team-desc\"><div class=\"team-author\"><div class=\"team-author-name\">Smilt\u0117 Bujokait\u0117<\/div><p>International Affairs<\/p><\/div><div class=\"team-content\">\n<p>international@kuss.lt<\/p>\n\n\n\n<p>+370 65745615<\/p>\n\n\n\n<p><\/p>\n<\/div><div class=\"soc-ico\"><a title=\"E-mail\" href=\"mailto:international@kuss.lt\" target=\"_top\" class=\"mail\"><span class=\"soc-font-icon\"><\/span><span class=\"screen-reader-text\">E-mail<\/span><\/a><\/div><\/div><\/div><\/div><div class=\"visible wf-cell\" data-post-id=\"55191\" data-date=\"2022-05-19T18:39:13-02:00\" data-name=\"\u017divil\u0117 Alsyt\u0117\"><div class=\"team-container visible post post-55191 dt_team type-dt_team status-publish has-post-thumbnail hentry dt_team_category-central-bureau dt_team_category-221\"><div class=\"team-media\"><span><img decoding=\"async\" class=\"preload-me iso-lazy-load aspect\" src=\"data:image\/svg+xml,%3Csvg%20xmlns%3D&#39;http%3A%2F%2Fwww.w3.org%2F2000%2Fsvg&#39;%20viewBox%3D&#39;0%200%201707%201707&#39;%2F%3E\" data-src=\"https:\/\/kuss.lt\/wp-content\/uploads\/2024\/03\/Picsart_26-03-06_17-49-59-825-scaled-e1773826891400-1707x1707.jpg\" data-srcset=\"https:\/\/kuss.lt\/wp-content\/uploads\/2024\/03\/Picsart_26-03-06_17-49-59-825-scaled-e1773826891400-1707x1707.jpg 1707w\" loading=\"eager\" style=\"--ratio: 1707 \/ 1707\" sizes=\"(max-width: 1707px) 100vw, 1707px\" width=\"1707\" height=\"1707\"  title=\"Picsart_26-03-06_17-49-59-825\" alt=\"\" \/><\/span><\/div><div class=\"team-desc\"><div class=\"team-author\"><div class=\"team-author-name\">\u017divil\u0117 Alsyt\u0117<\/div><p>Public Relations<\/p><\/div><div class=\"team-content\">\n<p>pr@kuss.lt<\/p>\n\n\n\n<p>+370 655 11605<\/p>\n\n\n\n<p><\/p>\n<\/div><div class=\"soc-ico\"><a title=\"E-mail\" href=\"mailto:pr@kuss.lt\" target=\"_top\" class=\"mail\"><span class=\"soc-font-icon\"><\/span><span class=\"screen-reader-text\">E-mail<\/span><\/a><\/div><\/div><\/div><\/div><div class=\"visible wf-cell\" data-post-id=\"55190\" data-date=\"2022-05-19T18:38:02-02:00\" data-name=\"Gustas Vilys\"><div class=\"team-container visible post post-55190 dt_team type-dt_team status-publish has-post-thumbnail hentry dt_team_category-central-bureau dt_team_category-221\"><div class=\"team-media\"><span><img decoding=\"async\" class=\"preload-me iso-lazy-load aspect\" src=\"data:image\/svg+xml,%3Csvg%20xmlns%3D&#39;http%3A%2F%2Fwww.w3.org%2F2000%2Fsvg&#39;%20viewBox%3D&#39;0%200%201365%201365&#39;%2F%3E\" data-src=\"https:\/\/kuss.lt\/wp-content\/uploads\/2024\/03\/49cf718a-51be-41ed-a5e2-7b64b326282a-e1773826999281-1365x1365.jpg\" data-srcset=\"https:\/\/kuss.lt\/wp-content\/uploads\/2024\/03\/49cf718a-51be-41ed-a5e2-7b64b326282a-e1773826999281-1365x1365.jpg 1365w\" loading=\"eager\" style=\"--ratio: 1365 \/ 1365\" sizes=\"(max-width: 1365px) 100vw, 1365px\" width=\"1365\" height=\"1365\"  title=\"49cf718a-51be-41ed-a5e2-7b64b326282a\" alt=\"\" \/><\/span><\/div><div class=\"team-desc\"><div class=\"team-author\"><div class=\"team-author-name\">Gustas Vilys<\/div><p>Finance Search and Marketing<\/p><\/div><div class=\"team-content\">\n<p>finance@kuss.lt<\/p>\n\n\n\n<p>+370 616 78335<\/p>\n\n\n\n<p><\/p>\n<\/div><div class=\"soc-ico\"><a title=\"E-mail\" href=\"mailto:finance@kuss.lt\" target=\"_top\" class=\"mail\"><span class=\"soc-font-icon\"><\/span><span class=\"screen-reader-text\">E-mail<\/span><\/a><\/div><\/div><\/div><\/div><div class=\"visible wf-cell\" data-post-id=\"55321\" data-date=\"2022-11-23T06:46:45-02:00\" data-name=\"Ema Latvyt\u0117\"><div class=\"team-container visible post post-55321 dt_team type-dt_team status-publish has-post-thumbnail hentry dt_team_category-central-bureau dt_team_category-221\"><div class=\"team-media\"><span><img decoding=\"async\" class=\"preload-me iso-lazy-load aspect\" src=\"data:image\/svg+xml,%3Csvg%20xmlns%3D&#39;http%3A%2F%2Fwww.w3.org%2F2000%2Fsvg&#39;%20viewBox%3D&#39;0%200%202552%202552&#39;%2F%3E\" data-src=\"https:\/\/kuss.lt\/wp-content\/uploads\/2022\/03\/GS704563-scaled-2552x2552.jpg\" data-srcset=\"https:\/\/kuss.lt\/wp-content\/uploads\/2022\/03\/GS704563-scaled-2552x2552.jpg 2552w\" loading=\"eager\" style=\"--ratio: 2552 \/ 2552\" sizes=\"(max-width: 2552px) 100vw, 2552px\" width=\"2552\" height=\"2552\"  title=\"Ema\" alt=\"\" \/><\/span><\/div><div class=\"team-desc\"><div class=\"team-author\"><div class=\"team-author-name\">Ema Latvyt\u0117<\/div><p>Organizational Matters<\/p><\/div><div class=\"team-content\">\n<p>events@kuss.lt<\/p>\n\n\n\n<p>+370 656 91202<\/p>\n\n\n\n<p><\/p>\n<\/div><div class=\"soc-ico\"><a title=\"E-mail\" href=\"mailto:events@kuss.lt\" target=\"_top\" class=\"mail\"><span class=\"soc-font-icon\"><\/span><span class=\"screen-reader-text\">E-mail<\/span><\/a><\/div><\/div><\/div><\/div><div class=\"visible wf-cell\" data-post-id=\"55855\" data-date=\"2024-03-05T12:05:44-02:00\" data-name=\"Elinga Kaba\u0161inskait\u0117\"><div class=\"team-container visible post post-55855 dt_team type-dt_team status-publish has-post-thumbnail hentry dt_team_category-central-bureau dt_team_category-221\"><div class=\"team-media\"><span><img decoding=\"async\" class=\"preload-me iso-lazy-load aspect\" src=\"data:image\/svg+xml,%3Csvg%20xmlns%3D&#39;http%3A%2F%2Fwww.w3.org%2F2000%2Fsvg&#39;%20viewBox%3D&#39;0%200%202560%202560&#39;%2F%3E\" data-src=\"https:\/\/kuss.lt\/wp-content\/uploads\/2019\/10\/MG_2919optimised-and-cropped-scaled.webp\" data-srcset=\"https:\/\/kuss.lt\/wp-content\/uploads\/2019\/10\/MG_2919optimised-and-cropped-scaled.webp 2560w\" loading=\"eager\" style=\"--ratio: 2560 \/ 2560\" sizes=\"(max-width: 2560px) 100vw, 2560px\" width=\"2560\" height=\"2560\"  title=\"_MG_2919optimised and cropped\" alt=\"\" \/><\/span><\/div><div class=\"team-desc\"><div class=\"team-author\"><div class=\"team-author-name\">Elinga Kaba\u0161inskait\u0117<\/div><p>Social and Academic Affairs<\/p><\/div><div class=\"team-content\">\n<p>social@kuss.lt<\/p>\n\n\n\n<p>+370 681 22422<\/p>\n<\/div><div class=\"soc-ico\"><a title=\"E-mail\" href=\"mailto:social@kuss.lt\" target=\"_top\" class=\"mail\"><span class=\"soc-font-icon\"><\/span><span class=\"screen-reader-text\">E-mail<\/span><\/a><\/div><\/div><\/div><\/div><div class=\"visible wf-cell\" data-post-id=\"55188\" data-date=\"2022-05-19T18:34:37-02:00\" data-name=\"August\u0117 Bajanovait\u0117\"><div class=\"team-container visible post post-55188 dt_team type-dt_team status-publish has-post-thumbnail hentry dt_team_category-central-bureau dt_team_category-221\"><div class=\"team-media\"><span><img decoding=\"async\" class=\"preload-me iso-lazy-load aspect\" src=\"data:image\/svg+xml,%3Csvg%20xmlns%3D&#39;http%3A%2F%2Fwww.w3.org%2F2000%2Fsvg&#39;%20viewBox%3D&#39;0%200%201707%201707&#39;%2F%3E\" data-src=\"https:\/\/kuss.lt\/wp-content\/uploads\/2022\/05\/GS904248-scaled-e1776183663990.jpg\" data-srcset=\"https:\/\/kuss.lt\/wp-content\/uploads\/2022\/05\/GS904248-scaled-e1776183663990.jpg 1707w\" loading=\"eager\" style=\"--ratio: 1707 \/ 1707\" sizes=\"(max-width: 1707px) 100vw, 1707px\" width=\"1707\" height=\"1707\"  title=\"GS904248\" alt=\"\" \/><\/span><\/div><div class=\"team-desc\"><div class=\"team-author\"><div class=\"team-author-name\">August\u0117 Bajanovait\u0117<\/div><p>Human Resources<\/p><\/div><div class=\"team-content\">\n<p>hr@kuss.lt<\/p>\n\n\n\n<p>+370 641 10590<\/p>\n\n\n\n<p><\/p>\n<\/div><div class=\"soc-ico\"><a title=\"E-mail\" href=\"mailto:hr@kuss.lt\" target=\"_top\" class=\"mail\"><span class=\"soc-font-icon\"><\/span><span class=\"screen-reader-text\">E-mail<\/span><\/a><\/div><\/div><\/div><\/div><\/div><!-- iso-container|iso-grid --><\/div>[\/vc_column][\/vc_row][vc_row][vc_column][\/vc_column][\/vc_row]<\/p>\n<\/div>","protected":false},"excerpt":{"rendered":"<p>[vc_row][vc_column][vc_column_text css=&#8221;&#8221;]Klaip\u0117da University Student Union is located at 120a,\u00a0Faculty of Health Sciences, Klaip\u0117da University, Herkaus Manto str. 84, Klaip\u0117da. Regarding any questions on concerns you can always contact us by email: E-mail: kuss@kuss.lt If you have any specific questions you can always contact the KUSS Central Bureau team:[\/vc_column_text][\/vc_column][\/vc_row][vc_row][vc_column][\/vc_column][\/vc_row]<\/p>\n","protected":false},"author":5,"featured_media":0,"parent":0,"menu_order":0,"comment_status":"closed","ping_status":"closed","template":"","meta":{"footnotes":""},"class_list":["post-54881","page","type-page","status-publish","hentry","description-off"],"_links":{"self":[{"href":"https:\/\/kuss.lt\/en\/wp-json\/wp\/v2\/pages\/54881","targetHints":{"allow":["GET"]}}],"collection":[{"href":"https:\/\/kuss.lt\/en\/wp-json\/wp\/v2\/pages"}],"about":[{"href":"https:\/\/kuss.lt\/en\/wp-json\/wp\/v2\/types\/page"}],"author":[{"embeddable":true,"href":"https:\/\/kuss.lt\/en\/wp-json\/wp\/v2\/users\/5"}],"replies":[{"embeddable":true,"href":"https:\/\/kuss.lt\/en\/wp-json\/wp\/v2\/comments?post=54881"}],"version-history":[{"count":7,"href":"https:\/\/kuss.lt\/en\/wp-json\/wp\/v2\/pages\/54881\/revisions"}],"predecessor-version":[{"id":55183,"href":"https:\/\/kuss.lt\/en\/wp-json\/wp\/v2\/pages\/54881\/revisions\/55183"}],"wp:attachment":[{"href":"https:\/\/kuss.lt\/en\/wp-json\/wp\/v2\/media?parent=54881"}],"curies":[{"name":"wp","href":"https:\/\/api.w.org\/{rel}","templated":true}]}}