{"id":54943,"date":"2022-02-07T19:56:25","date_gmt":"2022-02-07T21:56:25","guid":{"rendered":"https:\/\/kuss.lt\/psychological-consultation-and-spiritual-pastoral-care\/"},"modified":"2024-09-19T09:51:48","modified_gmt":"2024-09-19T11:51:48","slug":"psychological-consultation-and-spiritual-pastoral-care","status":"publish","type":"page","link":"https:\/\/kuss.lt\/en\/psychological-consultation-and-spiritual-pastoral-care\/","title":{"rendered":"Psychological consultation and spiritual-pastoral care"},"content":{"rendered":"<div class=\"wpb-content-wrapper\"><p>[vc_row][vc_column][vc_column_text css=&#8221;&#8221;]<\/p>\n<p>Free psychological consultations for members of the Klaip\u0117da University community:<\/p>\n<p>Psychologist-consultant Ramun\u0117 Burkauskien\u0117<\/p>\n<p>Consultation time:<br \/>Tuesdays 8.00 &#8211; 16.30<br \/>Wednesdays 12.30 &#8211; 16.30<br \/>Fridays 8.00 &#8211; 16.30<\/p>\n<p>Pre-registration is required by e-mail: ramune.burkauskiene@ku.lt<br \/>In response to your email, the next consultation date and time will be offered.<\/p>\n<p>For more information please call (8 46) 39 86 29<br \/>Consultations are available at Herkaus Manto str. 84, Rector&#8217;s Office, Room 212.<\/p>\n<p>&nbsp;<\/p>\n<p>The University of Klaip\u0117da also offers spiritual pastoral counselling by the Academic Pastoral Chaplain, Fr. Dr. Andrius Vaitkevi\u010dius.<\/p>\n<p>Consultations are available at:<br \/>Tuesdays 12.00-14.00<br \/>Thursdays 12.00-14.00<\/p>\n<p>For more information call (8 46) 39 86 33<br \/>Consultations are free of charge and are available at: Herkaus Manto str. 84, Senate Building, Room 106.<\/p>\n<p>Translated with DeepL.com (free version)<\/p>\n<p>[\/vc_column_text][\/vc_column][\/vc_row]<\/p>\n<\/div>","protected":false},"excerpt":{"rendered":"<p>[vc_row][vc_column][vc_column_text css=&#8221;&#8221;] Free psychological consultations for members of the Klaip\u0117da University community: Psychologist-consultant Ramun\u0117 Burkauskien\u0117 Consultation time:Tuesdays 8.00 &#8211; 16.30Wednesdays 12.30 &#8211; 16.30Fridays 8.00 &#8211; 16.30 Pre-registration is required by e-mail: ramune.burkauskiene@ku.ltIn response to your email, the next consultation date and time will be offered. For more information please call (8 46) 39 86 29Consultations&hellip;<\/p>\n","protected":false},"author":5,"featured_media":0,"parent":0,"menu_order":0,"comment_status":"closed","ping_status":"closed","template":"","meta":{"footnotes":""},"class_list":["post-54943","page","type-page","status-publish","hentry","description-off"],"_links":{"self":[{"href":"https:\/\/kuss.lt\/en\/wp-json\/wp\/v2\/pages\/54943","targetHints":{"allow":["GET"]}}],"collection":[{"href":"https:\/\/kuss.lt\/en\/wp-json\/wp\/v2\/pages"}],"about":[{"href":"https:\/\/kuss.lt\/en\/wp-json\/wp\/v2\/types\/page"}],"author":[{"embeddable":true,"href":"https:\/\/kuss.lt\/en\/wp-json\/wp\/v2\/users\/5"}],"replies":[{"embeddable":true,"href":"https:\/\/kuss.lt\/en\/wp-json\/wp\/v2\/comments?post=54943"}],"version-history":[{"count":3,"href":"https:\/\/kuss.lt\/en\/wp-json\/wp\/v2\/pages\/54943\/revisions"}],"predecessor-version":[{"id":56065,"href":"https:\/\/kuss.lt\/en\/wp-json\/wp\/v2\/pages\/54943\/revisions\/56065"}],"wp:attachment":[{"href":"https:\/\/kuss.lt\/en\/wp-json\/wp\/v2\/media?parent=54943"}],"curies":[{"name":"wp","href":"https:\/\/api.w.org\/{rel}","templated":true}]}}