{"id":54974,"date":"2022-02-09T14:18:09","date_gmt":"2022-02-09T16:18:09","guid":{"rendered":"https:\/\/kuss.lt\/letters-positions-resolutions\/"},"modified":"2022-02-09T14:18:10","modified_gmt":"2022-02-09T16:18:10","slug":"letters-positions-resolutions","status":"publish","type":"page","link":"https:\/\/kuss.lt\/en\/letters-positions-resolutions\/","title":{"rendered":"Letters, positions, resolutions"},"content":{"rendered":"<div class=\"wpb-content-wrapper\"><p>[vc_row][vc_column]<div class=\"standard-arrow list-divider bullet-top\"><ul>\nAll of the documents are only in the Lithuanian language<\/p>\n<li><a href=\"https:\/\/drive.google.com\/open?id=1kDewQi8rFN_WgE4kJ30zr6OYhsVAtlhZ\">2017-03-12 Klaip\u0117dos universiteto student\u0173 rezoliucija d\u0117l Klaip\u0117dos universiteto.<\/a><\/li>\n<li><a href=\"https:\/\/drive.google.com\/open?id=1dyTkCrNPwtzbVJVg38CKZ-ee4nbgCjLN\">2017-10-25 Klaip\u0117dos universiteto student\u0173 s\u0105jungos pozicija d\u0117l Klaip\u0117dos universiteto.<\/a><\/li>\n<li><a href=\"https:\/\/drive.google.com\/open?id=16kmJv9oqgorYE2umtLGD8hHAUWhPb0PE\">2017-06-28 Klaip\u0117dos universiteto student\u0173 s\u0105jungos pozicija d\u0117l Klaip\u0117dos universiteto.<\/a><\/li>\n<li><a href=\"https:\/\/drive.google.com\/open?id=13ozDJ-6m5ndaHGYT1uvYJ_Lx74V-GRCP\">2018-04-03 Statement of support for Klaip\u0117da city municipality application for the European youth capital (EYC) title 2021<\/a><\/li>\n<li><a href=\"https:\/\/drive.google.com\/open?id=1ccBtgKyt7_8xWD6Em_3OUlfYS3E8U4Ch\">2018-04-10 Ra\u0161tas d\u0117l Karkl\u0173 bendrabu\u010dio pirmininko ir auk\u0161to seni\u016bn\u0173.<\/a><\/li>\n<li><a href=\"https:\/\/drive.google.com\/open?id=1KV7MYIT6hsxlphDLEUS6aNvHDJ3XFWcd\">2018-09-18 Ra\u0161tas d\u0117l bendrabu\u010di\u0173 administrator\u0117s.<\/a><\/li>\n<li><a href=\"https:\/\/drive.google.com\/open?id=14YBCNmvARdMu-6TBVQna3t3Bw5CL0LsA\">2018-11-21 Ra\u0161tas d\u0117l mok\u0117jimo zonos esan\u010dios Karkl\u0173 g. 5 ir Karkl\u0173 g. 2 \/ Kalvos g. 8<\/a><\/li>\n<li><a href=\"https:\/\/drive.google.com\/open?id=1wsNa3yTZaSPFWfgQSyUCkpTyNx5WZyUf\">2019-04-04 Klaip\u0117dos universiteto student\u0173 s\u0105jungos pasi\u016blymas d\u0117l laisvo paskait\u0173 lankymo.<\/a><\/li>\n<li><a href=\"https:\/\/drive.google.com\/open?id=1sMd54a9up4iwGbvKegUKmS1omRYNUIn3\">2019-06-28 Klaip\u0117dos universiteto student\u0173 s\u0105jungos pasi\u016blymai d\u0117l ra\u0161to darb\u0173 metodini\u0173 reikalavim\u0173 Universitete tvarkos.<\/a><\/li>\n<li><a href=\"https:\/\/drive.google.com\/open?id=1n_SYXcH40d7P7aZoPXu-1JNfgYfEU7DN\">2019-07-16 Egzamin\u0173 steb\u0117jimo ataskaita.<\/a><\/li>\n<li><a href=\"https:\/\/drive.google.com\/open?id=1pdv-ccV7Pxb5EhkLWEuiYPPq6zD7G8BPOA6pI1h38fo\">2019-09-18 Skundas d\u0117l budin\u010dio personalo rektorate<\/a><\/li>\n<li><a href=\"https:\/\/drive.google.com\/open?id=1AcTIgI9WcK94dzYaH6kqIsUdhboEuvr2cYtGaQGUPn8\">2019-09-19 Skundas d\u0117l studij\u0173 nuostat\u0173 pa\u017eeidim\u0173<\/a>.<\/li>\n<li><a href=\"https:\/\/docs.google.com\/document\/d\/1rjmZZpY41BK-uMOpv0h54SLs1bqMx_2tt7l9F0UdIDQ\/edit?usp=sharing\">2020-01-07 Ra\u0161tas d\u0117l laisvo lankomumo.<\/a><\/li>\n<li><a href=\"https:\/\/drive.google.com\/file\/d\/1cTDBolX8O3hqyNx8k8MjaWTC0JMKBirg\/view?usp=sharing\">2020-01-08 Paskait\u0173 steb\u0117jimo ataskaita.<\/a><\/li>\n<li><a href=\"https:\/\/docs.google.com\/document\/d\/13_Ax1NiRfQpLXrgUX5NbtfkIGaK9838u\/edit?usp=sharing&amp;ouid=109991819769581863006&amp;rtpof=true&amp;sd=true\">2021-07-16 Pozicija d\u0117l bendrabu\u010di\u0173 kain\u0173 k\u0117limo.<\/a><\/li>\n<\/ul>\n<\/div>[\/vc_column][\/vc_row]<\/p>\n<\/div>","protected":false},"excerpt":{"rendered":"<p>[vc_row][vc_column][\/vc_column][\/vc_row]<\/p>\n","protected":false},"author":2,"featured_media":0,"parent":0,"menu_order":0,"comment_status":"closed","ping_status":"closed","template":"","meta":{"footnotes":""},"class_list":["post-54974","page","type-page","status-publish","hentry","description-off"],"_links":{"self":[{"href":"https:\/\/kuss.lt\/en\/wp-json\/wp\/v2\/pages\/54974","targetHints":{"allow":["GET"]}}],"collection":[{"href":"https:\/\/kuss.lt\/en\/wp-json\/wp\/v2\/pages"}],"about":[{"href":"https:\/\/kuss.lt\/en\/wp-json\/wp\/v2\/types\/page"}],"author":[{"embeddable":true,"href":"https:\/\/kuss.lt\/en\/wp-json\/wp\/v2\/users\/2"}],"replies":[{"embeddable":true,"href":"https:\/\/kuss.lt\/en\/wp-json\/wp\/v2\/comments?post=54974"}],"version-history":[{"count":2,"href":"https:\/\/kuss.lt\/en\/wp-json\/wp\/v2\/pages\/54974\/revisions"}],"predecessor-version":[{"id":54976,"href":"https:\/\/kuss.lt\/en\/wp-json\/wp\/v2\/pages\/54974\/revisions\/54976"}],"wp:attachment":[{"href":"https:\/\/kuss.lt\/en\/wp-json\/wp\/v2\/media?parent=54974"}],"curies":[{"name":"wp","href":"https:\/\/api.w.org\/{rel}","templated":true}]}}