{"id":54985,"date":"2022-02-09T14:44:12","date_gmt":"2022-02-09T16:44:12","guid":{"rendered":"https:\/\/kuss.lt\/student-organizations\/"},"modified":"2022-02-09T14:44:12","modified_gmt":"2022-02-09T16:44:12","slug":"student-organizations","status":"publish","type":"page","link":"https:\/\/kuss.lt\/en\/student-organizations\/","title":{"rendered":"Student organizations"},"content":{"rendered":"<div class=\"wpb-content-wrapper\"><p>[vc_row][vc_column][vc_column_text]<\/p>\n<p>\nUniversitetas yra auk\u0161tojo mokslo institucija, kuri skatina asmenybes tobul\u0117ti ne tik savo ni\u0161oje, bet ir u\u017e jos rib\u0173 ugdyti asmenyb\u0119, tobul\u0117ti, realizuoti save. Tod\u0117l visai nenuostabu, kad Universitete veikia \u012fvairios organizacijos prie kuri\u0173 gali prisijungti kiekvienas.<\/p>\r\n<p><strong><strong>Active organizations at the university:<\/strong><\/strong><\/p>\r\n&#13;\n<ul class=\"wp-block-list\"><li>National art ensemble \u201cVytin\u0117\u201d;<\/li>&#13;\n<li>Dance group \u201cLeader dance\u201d;<\/li>&#13;\n<li>KU Choir \u201cPaj\u016brio aidos\u201d;<\/li>&#13;\n<li>Erasmus student network \u201cESN KUK\u201d;<\/li>&#13;\n<li>International student club \u201cIdeas factory\u201d;<\/li>&#13;\n<li>Social worker club;<\/li>&#13;\n<li>Klaipeda University economist club;<\/li>&#13;\n<li>Klaipeda University robot club;<\/li>&#13;\n<li>Klaipeda University sports club;<\/li>&#13;\n<li>Klaipeda University student theatre.<\/li>&#13;\n<\/ul>\r\n<p>Tai tik dalis to, k\u0105 si\u016blo Universitetas. KU gali taip pat aktyviai sportuoti KU sporto klube, u\u017esiimti \u012fvairiu sportu. O piln\u0105 s\u0105ra\u0161\u0105, k\u0105 si\u016blo KU laisvalaikiui, gali rasti \u010dia: <a href=\"https:\/\/www.ku.lt\/studentams\/studentu-organizacijos\/?fbclid=IwAR2Lt3KcYszmSYl0wyK6GN1caE4GTlC2YEYKeFYUuaPsjnyt4bOFBE4mb48\">https:\/\/www.ku.lt\/studentams\/studentu-organizacijos\/<\/a>&#13;\n<p><\/p>\u00a0<\/p>\r\n\r\n<p>&nbsp;<\/p>\r\n<p>[\/vc_column_text]<style type=\"text\/css\" data-type=\"the7_shortcodes-inline-css\">.gallery-carousel-shortcode.gallery-carousel-shortcode-id-329e7b5d06e162134fbee507ac561aca.owl-carousel .owl-nav div {\n  width: 36px;\n  height: 36px;\n  border-radius: 500px;\n}\n.dt-arrow-border-on.gallery-carousel-shortcode.gallery-carousel-shortcode-id-329e7b5d06e162134fbee507ac561aca.owl-carousel .owl-nav div:not(:hover):before {\n  border-width: 0px;\n}\n.dt-arrow-hover-border-on.gallery-carousel-shortcode.gallery-carousel-shortcode-id-329e7b5d06e162134fbee507ac561aca.owl-carousel .owl-nav div:hover:after {\n  border-width: 0px;\n}\n.gallery-carousel-shortcode.gallery-carousel-shortcode-id-329e7b5d06e162134fbee507ac561aca.owl-carousel .owl-nav div.owl-prev {\n  top: 50%;\n  transform: translateY(calc(-50% + 0px));\n  left: -43px;\n}\n@media all and (-ms-high-contrast: none) {\n  .gallery-carousel-shortcode.gallery-carousel-shortcode-id-329e7b5d06e162134fbee507ac561aca.owl-carousel .owl-nav div.owl-prev {\n    transform: translateY(-50%);\n    margin-top: 0px;\n  }\n}\n.gallery-carousel-shortcode.gallery-carousel-shortcode-id-329e7b5d06e162134fbee507ac561aca.owl-carousel .owl-nav div.owl-prev i {\n  padding: 0px 0px 0px 0px;\n}\n.gallery-carousel-shortcode.gallery-carousel-shortcode-id-329e7b5d06e162134fbee507ac561aca.owl-carousel .owl-nav div.owl-next {\n  top: 50%;\n  transform: translateY(calc(-50% + 0px));\n  right: -43px;\n}\n@media all and (-ms-high-contrast: none) {\n  .gallery-carousel-shortcode.gallery-carousel-shortcode-id-329e7b5d06e162134fbee507ac561aca.owl-carousel .owl-nav div.owl-next {\n    transform: translateY(-50%);\n    margin-top: 0px;\n  }\n}\n.gallery-carousel-shortcode.gallery-carousel-shortcode-id-329e7b5d06e162134fbee507ac561aca.owl-carousel .owl-nav div.owl-next i {\n  padding: 0px 0px 0px 0px;\n}\n.gallery-carousel-shortcode.gallery-carousel-shortcode-id-329e7b5d06e162134fbee507ac561aca.owl-carousel .owl-nav i {\n  font-size: 18px;\n}\n.gallery-carousel-shortcode.gallery-carousel-shortcode-id-329e7b5d06e162134fbee507ac561aca.owl-carousel .owl-nav div:not(:hover) i,\n.gallery-carousel-shortcode.gallery-carousel-shortcode-id-329e7b5d06e162134fbee507ac561aca.owl-carousel .owl-nav div:not(:hover) i:before {\n  color: #ffffff;\n  background: none;\n}\n.gallery-carousel-shortcode.gallery-carousel-shortcode-id-329e7b5d06e162134fbee507ac561aca.owl-carousel .owl-nav div:hover i,\n.gallery-carousel-shortcode.gallery-carousel-shortcode-id-329e7b5d06e162134fbee507ac561aca.owl-carousel .owl-nav div:hover i:before {\n  color: rgba(255,255,255,0.75);\n  background: none;\n}\n.gallery-carousel-shortcode.gallery-carousel-shortcode-id-329e7b5d06e162134fbee507ac561aca .owl-dots {\n  top: calc(100% + 20px);\n  left: 50%;\n  transform: translateX(calc(-50% + 0px));\n}\n@media all and (-ms-high-contrast: none) {\n  .gallery-carousel-shortcode.gallery-carousel-shortcode-id-329e7b5d06e162134fbee507ac561aca .owl-dots {\n    transform: translateX(-50%);\n    margin-left: 0px;\n  }\n}\n.gallery-carousel-shortcode.gallery-carousel-shortcode-id-329e7b5d06e162134fbee507ac561aca .owl-dot {\n  width: 10px;\n  height: 10px;\n  margin: 0 8px;\n}\n@media screen and (max-width: 778px) {\n  .gallery-carousel-shortcode.gallery-carousel-shortcode-id-329e7b5d06e162134fbee507ac561aca.hide-arrows .owl-nav a {\n    display: none;\n  }\n}\n@media screen and (max-width: 778px) {\n  .gallery-carousel-shortcode.gallery-carousel-shortcode-id-329e7b5d06e162134fbee507ac561aca.reposition-arrows .owl-nav .owl-prev {\n    top: 50%;\n    transform: translateY(calc(-50% + 0px));\n    left: 10px;\n  }\n  .gallery-carousel-shortcode.gallery-carousel-shortcode-id-329e7b5d06e162134fbee507ac561aca.reposition-arrows .owl-nav .owl-next {\n    top: 50%;\n    transform: translateY(calc(-50% + 0px));\n    right: 10px;\n  }\n}\n@media screen and (max-width: 778px) and all and (-ms-high-contrast: none) {\n  .gallery-carousel-shortcode.gallery-carousel-shortcode-id-329e7b5d06e162134fbee507ac561aca.reposition-arrows .owl-nav .owl-prev {\n    transform: translateY(-50%);\n    margin-top: 0px;\n  }\n}\n@media screen and (max-width: 778px) and all and (-ms-high-contrast: none) {\n  .gallery-carousel-shortcode.gallery-carousel-shortcode-id-329e7b5d06e162134fbee507ac561aca.reposition-arrows .owl-nav .owl-next {\n    transform: translateY(-50%);\n    margin-top: 0px;\n  }\n}\n.gallery-carousel-shortcode.gallery-carousel-shortcode-id-329e7b5d06e162134fbee507ac561aca figure,\n.gallery-carousel-shortcode.gallery-carousel-shortcode-id-329e7b5d06e162134fbee507ac561aca .rollover,\n.gallery-carousel-shortcode.gallery-carousel-shortcode-id-329e7b5d06e162134fbee507ac561aca img,\n.gallery-carousel-shortcode.gallery-carousel-shortcode-id-329e7b5d06e162134fbee507ac561aca .gallery-rollover {\n  border-radius: 0px;\n}\n.gallery-carousel-shortcode.gallery-carousel-shortcode-id-329e7b5d06e162134fbee507ac561aca.enable-bg-rollover .gallery-rollover {\n  background: -webkit-linear-gradient();\n  background: linear-gradient();\n}\n.gallery-carousel-shortcode.gallery-carousel-shortcode-id-329e7b5d06e162134fbee507ac561aca.enable-img-shadow .owl-stage-outer {\n  padding: 14px 0;\n}\n.gallery-carousel-shortcode.gallery-carousel-shortcode-id-329e7b5d06e162134fbee507ac561aca.enable-bg-rollover.hover-scale figure .rollover:after {\n  background: -webkit-linear-gradient();\n  background: linear-gradient();\n}\n.gallery-carousel-shortcode.gallery-carousel-shortcode-id-329e7b5d06e162134fbee507ac561aca.gallery-shortcode .gallery-zoom-ico {\n  width: 44px;\n  height: 44px;\n  line-height: 44px;\n  border-radius: 100px;\n  margin: -22px 0 0 -22px;\n  border-width: 0px;\n}\n.dt-icon-bg-on.gallery-carousel-shortcode.gallery-carousel-shortcode-id-329e7b5d06e162134fbee507ac561aca.gallery-shortcode .gallery-zoom-ico {\n  background: rgba(255,255,255,0.3);\n  box-shadow: none;\n}\n.gallery-carousel-shortcode.gallery-carousel-shortcode-id-329e7b5d06e162134fbee507ac561aca.gallery-shortcode .gallery-zoom-ico:before,\n.gallery-carousel-shortcode.gallery-carousel-shortcode-id-329e7b5d06e162134fbee507ac561aca.gallery-shortcode .gallery-zoom-ico span {\n  font-size: 32px;\n  line-height: 44px;\n  color: #ffffff;\n  background: none;\n}\n<\/style><div class=\"owl-carousel gallery-carousel-shortcode gallery-shortcode  dt-gallery-container dt-owl-carousel-call gallery-carousel-shortcode-id-329e7b5d06e162134fbee507ac561aca quick-scale-img enable-bg-rollover meta-info-off dt-arrow-border-on dt-arrow-hover-border-on bullets-small-dot-stroke reposition-arrows dt-icon-bg-off arrows-bg-on disable-arrows-hover-bg arrows-hover-bg-on  hover-fade \" data-scroll-mode=\"1\" data-col-num=\"6\" data-wide-col-num=\"6\" data-laptop-col=\"5\" data-h-tablet-columns-num=\"4\" data-v-tablet-columns-num=\"3\" data-phone-columns-num=\"1\" data-col-gap=\"10\" data-stage-padding=\"0\" data-speed=\"600\" data-autoplay=\"false\" data-autoplay_speed=\"6000\" data-arrows=\"true\" data-bullet=\"false\" data-next-icon=\"icon-ar-017-r\" data-prev-icon=\"icon-ar-017-l\" data-img-shadow-size=\"12px\" data-img-shadow-spread=\"3px\"><div data-post-id=\"54986\" data-date=\"2022-02-09T14:44:12-02:00\" data-name=\"PajurioAidosCraciviaCantans2019\"><figure class=\"post\"><a href=\"https:\/\/kuss.lt\/wp-content\/uploads\/2019\/11\/PajurioAidosCraciviaCantans2019.jpg\" class=\"rollover dt-pswp-item layzr-bg\" data-large_image_width=\"697\" data-large_image_height=\"454\" data-dt-img-description=\"\" title=\"PajurioAidosCraciviaCantans2019\"><img fetchpriority=\"high\" decoding=\"async\" class=\"preload-me owl-lazy-load aspect\" src=\"data:image\/svg+xml,%3Csvg%20xmlns%3D&#39;http%3A%2F%2Fwww.w3.org%2F2000%2Fsvg&#39;%20viewBox%3D&#39;0%200%20544%20454&#39;%2F%3E\" data-src=\"https:\/\/kuss.lt\/wp-content\/uploads\/2019\/11\/PajurioAidosCraciviaCantans2019-544x454.jpg\" data-srcset=\"https:\/\/kuss.lt\/wp-content\/uploads\/2019\/11\/PajurioAidosCraciviaCantans2019-544x454.jpg 544w\" loading=\"eager\" style=\"--ratio: 544 \/ 454\" sizes=\"(max-width: 544px) 100vw, 544px\" alt=\"\" width=\"544\" height=\"454\"  \/><span class=\"gallery-rollover\"><span class=\"gallery-zoom-ico icomoon-the7-font-the7-zoom-06\"><span><\/span><\/span><\/span><\/a><\/figure><\/div><div data-post-id=\"54988\" data-date=\"2022-02-09T14:44:12-02:00\" data-name=\"62485031_10214420187639514_540076495201107968_n\"><figure class=\"post\"><a href=\"https:\/\/kuss.lt\/wp-content\/uploads\/2019\/11\/62485031_10214420187639514_540076495201107968_n.jpg\" class=\"rollover dt-pswp-item layzr-bg\" data-large_image_width=\"885\" data-large_image_height=\"663\" data-dt-img-description=\"\" title=\"62485031_10214420187639514_540076495201107968_n\"><img decoding=\"async\" class=\"preload-me owl-lazy-load aspect\" src=\"data:image\/svg+xml,%3Csvg%20xmlns%3D&#39;http%3A%2F%2Fwww.w3.org%2F2000%2Fsvg&#39;%20viewBox%3D&#39;0%200%20795%20663&#39;%2F%3E\" data-src=\"https:\/\/kuss.lt\/wp-content\/uploads\/2019\/11\/62485031_10214420187639514_540076495201107968_n-795x663.jpg\" data-srcset=\"https:\/\/kuss.lt\/wp-content\/uploads\/2019\/11\/62485031_10214420187639514_540076495201107968_n-795x663.jpg 795w\" loading=\"eager\" style=\"--ratio: 795 \/ 663\" sizes=\"(max-width: 795px) 100vw, 795px\" alt=\"\" width=\"795\" height=\"663\"  \/><span class=\"gallery-rollover\"><span class=\"gallery-zoom-ico icomoon-the7-font-the7-zoom-06\"><span><\/span><\/span><\/span><\/a><\/figure><\/div><div data-post-id=\"54990\" data-date=\"2022-02-09T14:44:12-02:00\" data-name=\"53452775_1044165419100411_6369008867254206464_n\"><figure class=\"post\"><a href=\"https:\/\/kuss.lt\/wp-content\/uploads\/2019\/11\/53452775_1044165419100411_6369008867254206464_n.jpg\" class=\"rollover dt-pswp-item layzr-bg\" data-large_image_width=\"960\" data-large_image_height=\"640\" data-dt-img-description=\"\" title=\"53452775_1044165419100411_6369008867254206464_n\"><img decoding=\"async\" class=\"preload-me owl-lazy-load aspect\" src=\"data:image\/svg+xml,%3Csvg%20xmlns%3D&#39;http%3A%2F%2Fwww.w3.org%2F2000%2Fsvg&#39;%20viewBox%3D&#39;0%200%20768%20640&#39;%2F%3E\" data-src=\"https:\/\/kuss.lt\/wp-content\/uploads\/2019\/11\/53452775_1044165419100411_6369008867254206464_n-768x640.jpg\" data-srcset=\"https:\/\/kuss.lt\/wp-content\/uploads\/2019\/11\/53452775_1044165419100411_6369008867254206464_n-768x640.jpg 768w\" loading=\"eager\" style=\"--ratio: 768 \/ 640\" sizes=\"(max-width: 768px) 100vw, 768px\" alt=\"\" width=\"768\" height=\"640\"  \/><span class=\"gallery-rollover\"><span class=\"gallery-zoom-ico icomoon-the7-font-the7-zoom-06\"><span><\/span><\/span><\/span><\/a><\/figure><\/div><div data-post-id=\"54992\" data-date=\"2022-02-09T14:44:12-02:00\" data-name=\"]\"><figure class=\"post\"><a href=\"https:\/\/kuss.lt\/wp-content\/uploads\/2019\/11\/unnamed-file.jpg\" class=\"rollover dt-pswp-item layzr-bg\" data-large_image_width=\"646\" data-large_image_height=\"340\" data-dt-img-description=\"\" title=\"]\"><img decoding=\"async\" class=\"preload-me owl-lazy-load aspect\" src=\"data:image\/svg+xml,%3Csvg%20xmlns%3D&#39;http%3A%2F%2Fwww.w3.org%2F2000%2Fsvg&#39;%20viewBox%3D&#39;0%200%20407%20340&#39;%2F%3E\" data-src=\"https:\/\/kuss.lt\/wp-content\/uploads\/2019\/11\/unnamed-file-407x340.jpg\" data-srcset=\"https:\/\/kuss.lt\/wp-content\/uploads\/2019\/11\/unnamed-file-407x340.jpg 407w\" loading=\"eager\" style=\"--ratio: 407 \/ 340\" sizes=\"(max-width: 407px) 100vw, 407px\" alt=\"\" width=\"407\" height=\"340\"  \/><span class=\"gallery-rollover\"><span class=\"gallery-zoom-ico icomoon-the7-font-the7-zoom-06\"><span><\/span><\/span><\/span><\/a><\/figure><\/div><div data-post-id=\"54994\" data-date=\"2022-02-09T14:44:12-02:00\" data-name=\"\u017e-\"><figure class=\"post\"><a href=\"https:\/\/kuss.lt\/wp-content\/uploads\/2019\/11\/\u017e-.jpg\" class=\"rollover dt-pswp-item layzr-bg\" data-large_image_width=\"3648\" data-large_image_height=\"2432\" data-dt-img-description=\"\" title=\"\u017e-\"><img decoding=\"async\" class=\"preload-me owl-lazy-load aspect\" src=\"data:image\/svg+xml,%3Csvg%20xmlns%3D&#39;http%3A%2F%2Fwww.w3.org%2F2000%2Fsvg&#39;%20viewBox%3D&#39;0%200%202918%202432&#39;%2F%3E\" data-src=\"https:\/\/kuss.lt\/wp-content\/uploads\/2019\/11\/\u017e--2918x2432.jpg\" data-srcset=\"https:\/\/kuss.lt\/wp-content\/uploads\/2019\/11\/\u017e--2918x2432.jpg 2918w\" loading=\"eager\" style=\"--ratio: 2918 \/ 2432\" sizes=\"(max-width: 2918px) 100vw, 2918px\" alt=\"\" width=\"2918\" height=\"2432\"  \/><span class=\"gallery-rollover\"><span class=\"gallery-zoom-ico icomoon-the7-font-the7-zoom-06\"><span><\/span><\/span><\/span><\/a><\/figure><\/div><div data-post-id=\"54996\" data-date=\"2022-02-09T14:44:12-02:00\" data-name=\"74392683_2600176220076885_2392490044515418112_n\"><figure class=\"post\"><a href=\"https:\/\/kuss.lt\/wp-content\/uploads\/2019\/11\/74392683_2600176220076885_2392490044515418112_n.jpg\" class=\"rollover dt-pswp-item layzr-bg\" data-large_image_width=\"960\" data-large_image_height=\"720\" data-dt-img-description=\"\" title=\"74392683_2600176220076885_2392490044515418112_n\"><img decoding=\"async\" class=\"preload-me owl-lazy-load aspect\" src=\"data:image\/svg+xml,%3Csvg%20xmlns%3D&#39;http%3A%2F%2Fwww.w3.org%2F2000%2Fsvg&#39;%20viewBox%3D&#39;0%200%20864%20720&#39;%2F%3E\" data-src=\"https:\/\/kuss.lt\/wp-content\/uploads\/2019\/11\/74392683_2600176220076885_2392490044515418112_n-864x720.jpg\" data-srcset=\"https:\/\/kuss.lt\/wp-content\/uploads\/2019\/11\/74392683_2600176220076885_2392490044515418112_n-864x720.jpg 864w\" loading=\"eager\" style=\"--ratio: 864 \/ 720\" sizes=\"(max-width: 864px) 100vw, 864px\" alt=\"\" width=\"864\" height=\"720\"  \/><span class=\"gallery-rollover\"><span class=\"gallery-zoom-ico icomoon-the7-font-the7-zoom-06\"><span><\/span><\/span><\/span><\/a><\/figure><\/div><div data-post-id=\"54998\" data-date=\"2022-02-09T14:44:12-02:00\" data-name=\"61911365_1531518983649477_501173931269423104_n\"><figure class=\"post\"><a href=\"https:\/\/kuss.lt\/wp-content\/uploads\/2019\/11\/61911365_1531518983649477_501173931269423104_n.jpg\" class=\"rollover dt-pswp-item layzr-bg\" data-large_image_width=\"960\" data-large_image_height=\"639\" data-dt-img-description=\"\" title=\"61911365_1531518983649477_501173931269423104_n\"><img decoding=\"async\" class=\"preload-me owl-lazy-load aspect\" src=\"data:image\/svg+xml,%3Csvg%20xmlns%3D&#39;http%3A%2F%2Fwww.w3.org%2F2000%2Fsvg&#39;%20viewBox%3D&#39;0%200%20766%20639&#39;%2F%3E\" data-src=\"https:\/\/kuss.lt\/wp-content\/uploads\/2019\/11\/61911365_1531518983649477_501173931269423104_n-766x639.jpg\" data-srcset=\"https:\/\/kuss.lt\/wp-content\/uploads\/2019\/11\/61911365_1531518983649477_501173931269423104_n-766x639.jpg 766w\" loading=\"eager\" style=\"--ratio: 766 \/ 639\" sizes=\"(max-width: 766px) 100vw, 766px\" alt=\"\" width=\"766\" height=\"639\"  \/><span class=\"gallery-rollover\"><span class=\"gallery-zoom-ico icomoon-the7-font-the7-zoom-06\"><span><\/span><\/span><\/span><\/a><\/figure><\/div><div data-post-id=\"55000\" data-date=\"2022-02-09T14:44:12-02:00\" data-name=\"60801034_1519516131516429_4622976770189033472_n\"><figure class=\"post\"><a href=\"https:\/\/kuss.lt\/wp-content\/uploads\/2019\/11\/60801034_1519516131516429_4622976770189033472_n.jpg\" class=\"rollover dt-pswp-item layzr-bg\" data-large_image_width=\"960\" data-large_image_height=\"640\" data-dt-img-description=\"\" title=\"60801034_1519516131516429_4622976770189033472_n\"><img decoding=\"async\" class=\"preload-me owl-lazy-load aspect\" src=\"data:image\/svg+xml,%3Csvg%20xmlns%3D&#39;http%3A%2F%2Fwww.w3.org%2F2000%2Fsvg&#39;%20viewBox%3D&#39;0%200%20768%20640&#39;%2F%3E\" data-src=\"https:\/\/kuss.lt\/wp-content\/uploads\/2019\/11\/60801034_1519516131516429_4622976770189033472_n-768x640.jpg\" data-srcset=\"https:\/\/kuss.lt\/wp-content\/uploads\/2019\/11\/60801034_1519516131516429_4622976770189033472_n-768x640.jpg 768w\" loading=\"eager\" style=\"--ratio: 768 \/ 640\" sizes=\"(max-width: 768px) 100vw, 768px\" alt=\"\" width=\"768\" height=\"640\"  \/><span class=\"gallery-rollover\"><span class=\"gallery-zoom-ico icomoon-the7-font-the7-zoom-06\"><span><\/span><\/span><\/span><\/a><\/figure><\/div><\/div>[\/vc_column][\/vc_row][vc_row][vc_column][\/vc_column][\/vc_row]<\/p><\/div>","protected":false},"excerpt":{"rendered":"<p>[vc_row][vc_column][vc_column_text]<\/p>\n","protected":false},"author":5,"featured_media":0,"parent":0,"menu_order":0,"comment_status":"closed","ping_status":"closed","template":"","meta":{"footnotes":""},"class_list":["post-54985","page","type-page","status-publish","hentry","description-off"],"_links":{"self":[{"href":"https:\/\/kuss.lt\/en\/wp-json\/wp\/v2\/pages\/54985","targetHints":{"allow":["GET"]}}],"collection":[{"href":"https:\/\/kuss.lt\/en\/wp-json\/wp\/v2\/pages"}],"about":[{"href":"https:\/\/kuss.lt\/en\/wp-json\/wp\/v2\/types\/page"}],"author":[{"embeddable":true,"href":"https:\/\/kuss.lt\/en\/wp-json\/wp\/v2\/users\/5"}],"replies":[{"embeddable":true,"href":"https:\/\/kuss.lt\/en\/wp-json\/wp\/v2\/comments?post=54985"}],"version-history":[{"count":1,"href":"https:\/\/kuss.lt\/en\/wp-json\/wp\/v2\/pages\/54985\/revisions"}],"predecessor-version":[{"id":55004,"href":"https:\/\/kuss.lt\/en\/wp-json\/wp\/v2\/pages\/54985\/revisions\/55004"}],"wp:attachment":[{"href":"https:\/\/kuss.lt\/en\/wp-json\/wp\/v2\/media?parent=54985"}],"curies":[{"name":"wp","href":"https:\/\/api.w.org\/{rel}","templated":true}]}}