{"id":56103,"date":"2024-09-20T07:15:27","date_gmt":"2024-09-20T09:15:27","guid":{"rendered":"https:\/\/kuss.lt\/?page_id=56103"},"modified":"2025-01-22T09:59:11","modified_gmt":"2025-01-22T11:59:11","slug":"council","status":"publish","type":"page","link":"https:\/\/kuss.lt\/en\/council\/","title":{"rendered":"Council"},"content":{"rendered":"<div class=\"wpb-content-wrapper\"><p>[vc_row][vc_column]<style type=\"text\/css\" data-type=\"the7_shortcodes-inline-css\">.dt-team-shortcode.team-masonry-shortcode-id-3074c3de74a86e5dcc0c0d3dd18a6942 .team-desc {\n  padding: 20px 20px 20px 20px;\n}\n.dt-team-shortcode.team-masonry-shortcode-id-3074c3de74a86e5dcc0c0d3dd18a6942 .team-author-name,\n.dt-team-shortcode.team-masonry-shortcode-id-3074c3de74a86e5dcc0c0d3dd18a6942 .team-author-name a {\n  margin-bottom: 0px;\n  font-weight: bold;\n}\n.dt-team-shortcode.team-masonry-shortcode-id-3074c3de74a86e5dcc0c0d3dd18a6942 .team-author p {\n  margin-bottom: 10px;\n  font-weight: bold;\n}\n.dt-team-shortcode.team-masonry-shortcode-id-3074c3de74a86e5dcc0c0d3dd18a6942  .team-media {\n  padding: 0px 0px 0px 0px;\n}\n.dt-team-shortcode.team-masonry-shortcode-id-3074c3de74a86e5dcc0c0d3dd18a6942 .dt-css-grid .team-media img {\n  max-width: 100%;\n}\n.dt-team-shortcode.team-masonry-shortcode-id-3074c3de74a86e5dcc0c0d3dd18a6942 .team-content {\n  margin-bottom: 5px;\n}\n.dt-team-shortcode.team-masonry-shortcode-id-3074c3de74a86e5dcc0c0d3dd18a6942  .team-media,\n.dt-team-shortcode.team-masonry-shortcode-id-3074c3de74a86e5dcc0c0d3dd18a6942  .team-media a.rollover,\n.dt-team-shortcode.team-masonry-shortcode-id-3074c3de74a86e5dcc0c0d3dd18a6942  .team-media a.rollover *,\n.dt-team-shortcode.team-masonry-shortcode-id-3074c3de74a86e5dcc0c0d3dd18a6942  .team-media img {\n  border-radius: 0px;\n}\n.dt-team-shortcode.team-masonry-shortcode-id-3074c3de74a86e5dcc0c0d3dd18a6942 .soc-ico {\n  margin-bottom: 15px;\n}\n.dt-team-shortcode.team-masonry-shortcode-id-3074c3de74a86e5dcc0c0d3dd18a6942 .soc-ico a {\n  min-width: 26px;\n  min-height: 26px;\n  font-size: 16px;\n  border-radius: 100px;\n}\n.dt-team-shortcode.team-masonry-shortcode-id-3074c3de74a86e5dcc0c0d3dd18a6942 .soc-ico a:not(:last-child) {\n  margin-right: 4px;\n}\n.dt-team-shortcode.team-masonry-shortcode-id-3074c3de74a86e5dcc0c0d3dd18a6942 .soc-ico a:before,\n.dt-team-shortcode.team-masonry-shortcode-id-3074c3de74a86e5dcc0c0d3dd18a6942 .soc-ico a:after {\n  min-width: 26px;\n  min-height: 26px;\n  padding: inherit;\n}\n.dt-icon-border-on.dt-team-shortcode.team-masonry-shortcode-id-3074c3de74a86e5dcc0c0d3dd18a6942 .soc-ico a:before {\n  border: 0px solid transparent;\n}\n.dt-team-shortcode.team-masonry-shortcode-id-3074c3de74a86e5dcc0c0d3dd18a6942 .soc-ico a:hover {\n  font-size: 16px;\n}\n#page .dt-team-shortcode.team-masonry-shortcode-id-3074c3de74a86e5dcc0c0d3dd18a6942 .soc-ico a:hover .soc-font-icon {\n  color: rgba(255,255,255,0.75);\n  background: none;\n}\n.dt-icon-border-hover-on.dt-team-shortcode.team-masonry-shortcode-id-3074c3de74a86e5dcc0c0d3dd18a6942 .soc-ico a:after {\n  border: 0px solid transparent;\n}\n#page .dt-team-shortcode.team-masonry-shortcode-id-3074c3de74a86e5dcc0c0d3dd18a6942 .soc-ico a:not(:hover) .soc-font-icon {\n  color: #ffffff;\n  background: none;\n}\n.dt-team-shortcode.team-masonry-shortcode-id-3074c3de74a86e5dcc0c0d3dd18a6942 .soc-ico a .soc-font-icon {\n  font-size: 16px;\n}\n.dt-team-shortcode.team-masonry-shortcode-id-3074c3de74a86e5dcc0c0d3dd18a6942 .filter-bg-decoration .filter-categories a.act {\n  color: #fff;\n}\n.dt-team-shortcode.team-masonry-shortcode-id-3074c3de74a86e5dcc0c0d3dd18a6942:not(.resize-by-browser-width) .dt-css-grid {\n  grid-row-gap: 30px;\n  grid-column-gap: 30px;\n  grid-template-columns: repeat(auto-fill,minmax(,1fr));\n}\n.cssgridlegacy.no-cssgrid .dt-team-shortcode.team-masonry-shortcode-id-3074c3de74a86e5dcc0c0d3dd18a6942:not(.resize-by-browser-width) .dt-css-grid,\n.no-cssgridlegacy.no-cssgrid .dt-team-shortcode.team-masonry-shortcode-id-3074c3de74a86e5dcc0c0d3dd18a6942:not(.resize-by-browser-width) .dt-css-grid {\n  display: flex;\n  flex-flow: row wrap;\n  margin: -15px;\n}\n.cssgridlegacy.no-cssgrid .dt-team-shortcode.team-masonry-shortcode-id-3074c3de74a86e5dcc0c0d3dd18a6942:not(.resize-by-browser-width) .dt-css-grid .wf-cell,\n.no-cssgridlegacy.no-cssgrid .dt-team-shortcode.team-masonry-shortcode-id-3074c3de74a86e5dcc0c0d3dd18a6942:not(.resize-by-browser-width) .dt-css-grid .wf-cell {\n  flex: 1 0 ;\n  max-width: 100%;\n  padding: 15px;\n  box-sizing: border-box;\n}\n.dt-team-shortcode.team-masonry-shortcode-id-3074c3de74a86e5dcc0c0d3dd18a6942.resize-by-browser-width .dt-css-grid {\n  grid-template-columns: repeat(3,1fr);\n  grid-template-rows: auto;\n  grid-column-gap: 30px;\n  grid-row-gap: 30px;\n}\n.cssgridlegacy.no-cssgrid .dt-team-shortcode.team-masonry-shortcode-id-3074c3de74a86e5dcc0c0d3dd18a6942.resize-by-browser-width .dt-css-grid,\n.no-cssgridlegacy.no-cssgrid .dt-team-shortcode.team-masonry-shortcode-id-3074c3de74a86e5dcc0c0d3dd18a6942.resize-by-browser-width .dt-css-grid {\n  margin: -15px;\n}\n.cssgridlegacy.no-cssgrid .dt-team-shortcode.team-masonry-shortcode-id-3074c3de74a86e5dcc0c0d3dd18a6942.resize-by-browser-width .dt-css-grid .wf-cell,\n.no-cssgridlegacy.no-cssgrid .dt-team-shortcode.team-masonry-shortcode-id-3074c3de74a86e5dcc0c0d3dd18a6942.resize-by-browser-width .dt-css-grid .wf-cell {\n  width: 33.333333333333%;\n  padding: 15px;\n}\n@media screen and (max-width: 1199px) {\n  .dt-team-shortcode.team-masonry-shortcode-id-3074c3de74a86e5dcc0c0d3dd18a6942.resize-by-browser-width .dt-css-grid {\n    grid-template-columns: repeat(3,1fr);\n  }\n  .cssgridlegacy.no-cssgrid .dt-team-shortcode.team-masonry-shortcode-id-3074c3de74a86e5dcc0c0d3dd18a6942.resize-by-browser-width .dt-css-grid .wf-cell,\n  .no-cssgridlegacy.no-cssgrid .dt-team-shortcode.team-masonry-shortcode-id-3074c3de74a86e5dcc0c0d3dd18a6942.resize-by-browser-width .dt-css-grid .wf-cell {\n    width: 33.333333333333%;\n  }\n}\n@media screen and (max-width: 991px) {\n  .dt-team-shortcode.team-masonry-shortcode-id-3074c3de74a86e5dcc0c0d3dd18a6942.resize-by-browser-width .dt-css-grid {\n    grid-template-columns: repeat(2,1fr);\n  }\n  .cssgridlegacy.no-cssgrid .dt-team-shortcode.team-masonry-shortcode-id-3074c3de74a86e5dcc0c0d3dd18a6942.resize-by-browser-width .dt-css-grid .wf-cell,\n  .no-cssgridlegacy.no-cssgrid .dt-team-shortcode.team-masonry-shortcode-id-3074c3de74a86e5dcc0c0d3dd18a6942.resize-by-browser-width .dt-css-grid .wf-cell {\n    width: 50%;\n  }\n}\n@media screen and (max-width: 767px) {\n  .dt-team-shortcode.team-masonry-shortcode-id-3074c3de74a86e5dcc0c0d3dd18a6942.resize-by-browser-width .dt-css-grid {\n    grid-template-columns: repeat(1,1fr);\n  }\n  .cssgridlegacy.no-cssgrid .dt-team-shortcode.team-masonry-shortcode-id-3074c3de74a86e5dcc0c0d3dd18a6942.resize-by-browser-width .dt-css-grid .wf-cell,\n  .no-cssgridlegacy.no-cssgrid .dt-team-shortcode.team-masonry-shortcode-id-3074c3de74a86e5dcc0c0d3dd18a6942.resize-by-browser-width .dt-css-grid .wf-cell {\n    width: 100%;\n  }\n}\n<\/style><div class=\"dt-team-masonry-shortcode dt-team-shortcode team-masonry-shortcode-id-3074c3de74a86e5dcc0c0d3dd18a6942 loading-effect-none mode-grid jquery-filter content-align-center content-bg-on dt-css-grid-wrap scale-img dt-css-grid-wrap dt-icon-bg-on dt-icon-border-on dt-icon-hover-bg-on dt-icon-border-hover-on move-icons-under-position resize-by-browser-width  \" data-padding=\"15px\" data-cur-page=\"1\" data-post-limit=\"-1\" data-pagination-mode=\"none\" data-desktop-columns-num=\"3\" data-v-tablet-columns-num=\"2\" data-h-tablet-columns-num=\"3\" data-phone-columns-num=\"1\" data-width=\"0px\" data-columns=\"0\"><div class=\"dt-css-grid\" ><div class=\"visible wf-cell\" data-post-id=\"56622\" data-date=\"2026-02-21T11:05:14-02:00\" data-name=\"Nedas Donauskas\"><div class=\"team-container visible post post-56622 dt_team type-dt_team status-publish has-post-thumbnail hentry dt_team_category-council dt_team_category-taryba-en dt_team_category-229 dt_team_category-233\"><div class=\"team-media\"><span><img fetchpriority=\"high\" decoding=\"async\" class=\"preload-me iso-lazy-load aspect\" src=\"data:image\/svg+xml,%3Csvg%20xmlns%3D&#39;http%3A%2F%2Fwww.w3.org%2F2000%2Fsvg&#39;%20viewBox%3D&#39;0%200%202560%202560&#39;%2F%3E\" data-src=\"https:\/\/kuss.lt\/wp-content\/uploads\/2019\/10\/MG_3020optimised-and-cropped-scaled.webp\" data-srcset=\"https:\/\/kuss.lt\/wp-content\/uploads\/2019\/10\/MG_3020optimised-and-cropped-scaled.webp 2560w\" loading=\"eager\" style=\"--ratio: 2560 \/ 2560\" sizes=\"(max-width: 2560px) 100vw, 2560px\" width=\"2560\" height=\"2560\"  title=\"_MG_3020optimised and cropped\" alt=\"\" \/><\/span><\/div><div class=\"team-desc\"><div class=\"team-author\"><div class=\"team-author-name\">Nedas Donauskas<\/div><p>KUSS Marine Technologies and Natural Sciences Faculty's Student Representation's Chairman<\/p><\/div><div class=\"team-content\">\n<p>jtgmf.p@kuss.lt<\/p>\n\n<p>+370 676 70165<\/p>\n<\/div><div class=\"soc-ico\"><a title=\"E-mail\" href=\"mailto:jtgmf.p@kuss.lt\" target=\"_top\" class=\"mail\"><span class=\"soc-font-icon\"><\/span><span class=\"screen-reader-text\">E-mail<\/span><\/a><\/div><\/div><\/div><\/div><div class=\"visible wf-cell\" data-post-id=\"56109\" data-date=\"2024-09-20T07:20:57-02:00\" data-name=\"Monika Gylyt\u0117\"><div class=\"team-container visible post post-56109 dt_team type-dt_team status-publish has-post-thumbnail hentry dt_team_category-council dt_team_category-taryba-en dt_team_category-229 dt_team_category-233\"><div class=\"team-media\"><span><img decoding=\"async\" class=\"preload-me iso-lazy-load aspect\" src=\"data:image\/svg+xml,%3Csvg%20xmlns%3D&#39;http%3A%2F%2Fwww.w3.org%2F2000%2Fsvg&#39;%20viewBox%3D&#39;0%200%202560%202560&#39;%2F%3E\" data-src=\"https:\/\/kuss.lt\/wp-content\/uploads\/2019\/10\/MG_3117optimised-and-cropped-scaled.webp\" data-srcset=\"https:\/\/kuss.lt\/wp-content\/uploads\/2019\/10\/MG_3117optimised-and-cropped-scaled.webp 2560w\" loading=\"eager\" style=\"--ratio: 2560 \/ 2560\" sizes=\"(max-width: 2560px) 100vw, 2560px\" width=\"2560\" height=\"2560\"  title=\"_MG_3117optimised and cropped\" alt=\"\" \/><\/span><\/div><div class=\"team-desc\"><div class=\"team-author\"><div class=\"team-author-name\">Monika Gylyt\u0117<\/div><p>KUSS Marine Technologies and Natural Sciences Faculty's Student Representation's Vicechairwoman<\/p><\/div><div class=\"team-content\">\n<p>jtgmf.v@kuss.lt<\/p>\n\n\n\n<p>+37062308264<\/p>\n<\/div><div class=\"soc-ico\"><a title=\"E-mail\" href=\"mailto:jtgmf.v@kuss.lt\" target=\"_top\" class=\"mail\"><span class=\"soc-font-icon\"><\/span><span class=\"screen-reader-text\">E-mail<\/span><\/a><\/div><\/div><\/div><\/div><div class=\"visible wf-cell\" data-post-id=\"56118\" data-date=\"2024-09-20T07:33:30-02:00\" data-name=\"Auks\u0117 Ba\u0161kevi\u010di\u016bt\u0117\"><div class=\"team-container visible post post-56118 dt_team type-dt_team status-publish has-post-thumbnail hentry dt_team_category-council dt_team_category-taryba-en dt_team_category-229 dt_team_category-233\"><div class=\"team-media\"><span><img decoding=\"async\" class=\"preload-me iso-lazy-load aspect\" src=\"data:image\/svg+xml,%3Csvg%20xmlns%3D&#39;http%3A%2F%2Fwww.w3.org%2F2000%2Fsvg&#39;%20viewBox%3D&#39;0%200%202560%202560&#39;%2F%3E\" data-src=\"https:\/\/kuss.lt\/wp-content\/uploads\/2019\/10\/MG_2905optimised-and-cropped-scaled.webp\" data-srcset=\"https:\/\/kuss.lt\/wp-content\/uploads\/2019\/10\/MG_2905optimised-and-cropped-scaled.webp 2560w\" loading=\"eager\" style=\"--ratio: 2560 \/ 2560\" sizes=\"(max-width: 2560px) 100vw, 2560px\" width=\"2560\" height=\"2560\"  title=\"_MG_2905optimised and cropped\" alt=\"\" \/><\/span><\/div><div class=\"team-desc\"><div class=\"team-author\"><div class=\"team-author-name\">Auks\u0117 Ba\u0161kevi\u010di\u016bt\u0117<\/div><p>KUSS Marine Research Institute's Student Representation's Chairwoman<\/p><\/div><div class=\"team-content\">\n<p>jti.p@kuss.lt<\/p>\n\n\n\n<p>+370 678 42105<\/p>\n\n\n\n<p><\/p>\n<\/div><div class=\"soc-ico\"><a title=\"E-mail\" href=\"mailto:jti.p@kuss.lt\" target=\"_top\" class=\"mail\"><span class=\"soc-font-icon\"><\/span><span class=\"screen-reader-text\">E-mail<\/span><\/a><\/div><\/div><\/div><\/div><div class=\"visible wf-cell\" data-post-id=\"56306\" data-date=\"2025-04-29T18:09:09-02:00\" data-name=\"Agn\u0117 Dargu\u017eait\u0117\"><div class=\"team-container visible post post-56306 dt_team type-dt_team status-publish has-post-thumbnail hentry dt_team_category-council dt_team_category-taryba-en dt_team_category-229 dt_team_category-233\"><div class=\"team-media\"><span><img decoding=\"async\" class=\"preload-me iso-lazy-load aspect\" src=\"data:image\/svg+xml,%3Csvg%20xmlns%3D&#39;http%3A%2F%2Fwww.w3.org%2F2000%2Fsvg&#39;%20viewBox%3D&#39;0%200%202560%202560&#39;%2F%3E\" data-src=\"https:\/\/kuss.lt\/wp-content\/uploads\/2024\/04\/MG_1821optimised-and-cropped-scaled.webp\" data-srcset=\"https:\/\/kuss.lt\/wp-content\/uploads\/2024\/04\/MG_1821optimised-and-cropped-scaled.webp 2560w\" loading=\"eager\" style=\"--ratio: 2560 \/ 2560\" sizes=\"(max-width: 2560px) 100vw, 2560px\" width=\"2560\" height=\"2560\"  title=\"_MG_1821optimised and cropped\" alt=\"\" \/><\/span><\/div><div class=\"team-desc\"><div class=\"team-author\"><div class=\"team-author-name\">Agn\u0117 Dargu\u017eait\u0117<\/div><p>KUSS Marine Research Institute's Student Representation's Vicechairwoman<\/p><\/div><div class=\"team-content\">\n<p>jti.v@kuss.lt<\/p>\n\n\n\n<p>+37061772839<\/p>\n\n\n\n<p><\/p>\n<\/div><\/div><\/div><\/div><div class=\"visible wf-cell\" data-post-id=\"56114\" data-date=\"2024-09-20T07:27:49-02:00\" data-name=\"Ema Juodinyt\u0117\"><div class=\"team-container visible post post-56114 dt_team type-dt_team status-publish has-post-thumbnail hentry dt_team_category-council dt_team_category-taryba-en dt_team_category-229 dt_team_category-233\"><div class=\"team-media\"><span><img decoding=\"async\" class=\"preload-me iso-lazy-load aspect\" src=\"data:image\/svg+xml,%3Csvg%20xmlns%3D&#39;http%3A%2F%2Fwww.w3.org%2F2000%2Fsvg&#39;%20viewBox%3D&#39;0%200%202560%202560&#39;%2F%3E\" data-src=\"https:\/\/kuss.lt\/wp-content\/uploads\/2024\/04\/MG_1780optimised-and-cropped-scaled.webp\" data-srcset=\"https:\/\/kuss.lt\/wp-content\/uploads\/2024\/04\/MG_1780optimised-and-cropped-scaled.webp 2560w\" loading=\"eager\" style=\"--ratio: 2560 \/ 2560\" sizes=\"(max-width: 2560px) 100vw, 2560px\" width=\"2560\" height=\"2560\"  title=\"_MG_1780optimised and cropped\" alt=\"\" \/><\/span><\/div><div class=\"team-desc\"><div class=\"team-author\"><div class=\"team-author-name\">Ema Juodinyt\u0117<\/div><p>KUSS Social Sciences and Humanities Faculty's Student Representation's Chairwoman<\/p><\/div><div class=\"team-content\">\n<p>shmf.p@kuss.lt<\/p>\n\n\n\n<p>+370 674 64786<\/p>\n<\/div><div class=\"soc-ico\"><a title=\"E-mail\" href=\"mailto:shmf.p@kuss.lt\" target=\"_top\" class=\"mail\"><span class=\"soc-font-icon\"><\/span><span class=\"screen-reader-text\">E-mail<\/span><\/a><\/div><\/div><\/div><\/div><div class=\"visible wf-cell\" data-post-id=\"56113\" data-date=\"2024-09-20T07:27:00-02:00\" data-name=\"Fausta Bal\u010di\u016bnait\u0117\"><div class=\"team-container visible post post-56113 dt_team type-dt_team status-publish has-post-thumbnail hentry dt_team_category-council dt_team_category-taryba-en dt_team_category-229 dt_team_category-233\"><div class=\"team-media\"><span><img decoding=\"async\" class=\"preload-me iso-lazy-load aspect\" src=\"data:image\/svg+xml,%3Csvg%20xmlns%3D&#39;http%3A%2F%2Fwww.w3.org%2F2000%2Fsvg&#39;%20viewBox%3D&#39;0%200%202560%202560&#39;%2F%3E\" data-src=\"https:\/\/kuss.lt\/wp-content\/uploads\/2019\/10\/MG_1798optimised-and-cropped-scaled.webp\" data-srcset=\"https:\/\/kuss.lt\/wp-content\/uploads\/2019\/10\/MG_1798optimised-and-cropped-scaled.webp 2560w\" loading=\"eager\" style=\"--ratio: 2560 \/ 2560\" sizes=\"(max-width: 2560px) 100vw, 2560px\" width=\"2560\" height=\"2560\"  title=\"_MG_1798optimised and cropped\" alt=\"\" \/><\/span><\/div><div class=\"team-desc\"><div class=\"team-author\"><div class=\"team-author-name\">Fausta Bal\u010di\u016bnait\u0117<\/div><p>KUSS Social Sciences and Humanities Faculty's Student Representation's Vicechairwoman<\/p><\/div><div class=\"team-content\">\n<p>shmf.v@kuss.lt<\/p>\n\n\n\n<p>+370 622 05839<\/p>\n\n\n\n<p><\/p>\n<\/div><div class=\"soc-ico\"><a title=\"E-mail\" href=\"mailto:shmf.v@kuss.lt\" target=\"_top\" class=\"mail\"><span class=\"soc-font-icon\"><\/span><span class=\"screen-reader-text\">E-mail<\/span><\/a><\/div><\/div><\/div><\/div><div class=\"visible wf-cell\" data-post-id=\"56116\" data-date=\"2024-09-20T07:31:34-02:00\" data-name=\"Aida Barevi\u010di\u016bt\u0117\"><div class=\"team-container visible post post-56116 dt_team type-dt_team status-publish has-post-thumbnail hentry dt_team_category-council dt_team_category-taryba-en dt_team_category-229 dt_team_category-233\"><div class=\"team-media\"><span><img decoding=\"async\" class=\"preload-me iso-lazy-load aspect\" src=\"data:image\/svg+xml,%3Csvg%20xmlns%3D&#39;http%3A%2F%2Fwww.w3.org%2F2000%2Fsvg&#39;%20viewBox%3D&#39;0%200%202560%202560&#39;%2F%3E\" data-src=\"https:\/\/kuss.lt\/wp-content\/uploads\/2019\/10\/MG_3175optimised-and-cropped-scaled.webp\" data-srcset=\"https:\/\/kuss.lt\/wp-content\/uploads\/2019\/10\/MG_3175optimised-and-cropped-scaled.webp 2560w\" loading=\"eager\" style=\"--ratio: 2560 \/ 2560\" sizes=\"(max-width: 2560px) 100vw, 2560px\" width=\"2560\" height=\"2560\"  title=\"_MG_3175optimised and cropped\" alt=\"\" \/><\/span><\/div><div class=\"team-desc\"><div class=\"team-author\"><div class=\"team-author-name\">Aida Barevi\u010di\u016bt\u0117<\/div><p>KUSS Baltic Region History and Archaeology Institute's Student Representation's Chairwoman<\/p><\/div><div class=\"team-content\">\n<p>briai.p@kuss.lt<\/p>\n\n\n\n<p>+370 623 84230<\/p>\n<\/div><div class=\"soc-ico\"><a title=\"E-mail\" href=\"mailto:briai.p@kuss.lt\" target=\"_top\" class=\"mail\"><span class=\"soc-font-icon\"><\/span><span class=\"screen-reader-text\">E-mail<\/span><\/a><\/div><\/div><\/div><\/div><div class=\"visible wf-cell\" data-post-id=\"56614\" data-date=\"2026-02-21T10:59:12-02:00\" data-name=\"Dominykas \u0160iaulys\"><div class=\"team-container visible post post-56614 dt_team type-dt_team status-publish has-post-thumbnail hentry dt_team_category-council dt_team_category-taryba-en dt_team_category-229 dt_team_category-233\"><div class=\"team-media\"><span><img decoding=\"async\" class=\"preload-me iso-lazy-load aspect\" src=\"data:image\/svg+xml,%3Csvg%20xmlns%3D&#39;http%3A%2F%2Fwww.w3.org%2F2000%2Fsvg&#39;%20viewBox%3D&#39;0%200%202560%202560&#39;%2F%3E\" data-src=\"https:\/\/kuss.lt\/wp-content\/uploads\/2024\/04\/MG_1764optimised-and-cropped-scaled.webp\" data-srcset=\"https:\/\/kuss.lt\/wp-content\/uploads\/2024\/04\/MG_1764optimised-and-cropped-scaled.webp 2560w\" loading=\"eager\" style=\"--ratio: 2560 \/ 2560\" sizes=\"(max-width: 2560px) 100vw, 2560px\" width=\"2560\" height=\"2560\"  title=\"_MG_1764optimised and cropped\" alt=\"\" \/><\/span><\/div><div class=\"team-desc\"><div class=\"team-author\"><div class=\"team-author-name\">Dominykas \u0160iaulys<\/div><p>KUSS Baltic Region History and Archaeology Institute's Student Representation's Vicechair<\/p><\/div><div class=\"team-content\">\n<p>briai.v@kuss.lt<\/p>\n\n\n\n<p><\/p>\n<\/div><div class=\"soc-ico\"><a title=\"E-mail\" href=\"mailto:briai.v@kuss.lt\" target=\"_top\" class=\"mail\"><span class=\"soc-font-icon\"><\/span><span class=\"screen-reader-text\">E-mail<\/span><\/a><\/div><\/div><\/div><\/div><div class=\"visible wf-cell\" data-post-id=\"56112\" data-date=\"2024-09-20T07:25:14-02:00\" data-name=\"Kamil\u0117 Ma\u017erimait\u0117\"><div class=\"team-container visible post post-56112 dt_team type-dt_team status-publish has-post-thumbnail hentry dt_team_category-council dt_team_category-taryba-en dt_team_category-229 dt_team_category-233\"><div class=\"team-media\"><span><img decoding=\"async\" class=\"preload-me iso-lazy-load aspect\" src=\"data:image\/svg+xml,%3Csvg%20xmlns%3D&#39;http%3A%2F%2Fwww.w3.org%2F2000%2Fsvg&#39;%20viewBox%3D&#39;0%200%202553%202553&#39;%2F%3E\" data-src=\"https:\/\/kuss.lt\/wp-content\/uploads\/2019\/10\/MG_3144optimised-and-cropped-scaled-2553x2553.webp\" data-srcset=\"https:\/\/kuss.lt\/wp-content\/uploads\/2019\/10\/MG_3144optimised-and-cropped-scaled-2553x2553.webp 2553w\" loading=\"eager\" style=\"--ratio: 2553 \/ 2553\" sizes=\"(max-width: 2553px) 100vw, 2553px\" width=\"2553\" height=\"2553\"  title=\"_MG_3144optimised and cropped\" alt=\"\" \/><\/span><\/div><div class=\"team-desc\"><div class=\"team-author\"><div class=\"team-author-name\">Kamil\u0117 Ma\u017erimait\u0117<\/div><p>KUSS Health Sciences Faculty's Student Representation's Chairwoman<\/p><\/div><div class=\"team-content\">\n<p>svmf.p@kuss.lt<\/p>\n\n\n\n<p>+370 623 45841<\/p>\n\n\n\n<p><\/p>\n<\/div><div class=\"soc-ico\"><a title=\"E-mail\" href=\"mailto:svmf.p@kuss.lt\" target=\"_top\" class=\"mail\"><span class=\"soc-font-icon\"><\/span><span class=\"screen-reader-text\">E-mail<\/span><\/a><\/div><\/div><\/div><\/div><div class=\"visible wf-cell\" data-post-id=\"56111\" data-date=\"2024-09-20T07:23:53-02:00\" data-name=\"Auks\u0117 Janu\u0161auskait\u0117\"><div class=\"team-container visible post post-56111 dt_team type-dt_team status-publish has-post-thumbnail hentry dt_team_category-council dt_team_category-taryba-en dt_team_category-229 dt_team_category-233\"><div class=\"team-media\"><span><img decoding=\"async\" class=\"preload-me iso-lazy-load aspect\" src=\"data:image\/svg+xml,%3Csvg%20xmlns%3D&#39;http%3A%2F%2Fwww.w3.org%2F2000%2Fsvg&#39;%20viewBox%3D&#39;0%200%202557%202557&#39;%2F%3E\" data-src=\"https:\/\/kuss.lt\/wp-content\/uploads\/2019\/10\/MG_2947optimised-and-cropped-scaled-2557x2557.webp\" data-srcset=\"https:\/\/kuss.lt\/wp-content\/uploads\/2019\/10\/MG_2947optimised-and-cropped-scaled-2557x2557.webp 2557w\" loading=\"eager\" style=\"--ratio: 2557 \/ 2557\" sizes=\"(max-width: 2557px) 100vw, 2557px\" width=\"2557\" height=\"2557\"  title=\"_MG_2947optimised and cropped\" alt=\"\" \/><\/span><\/div><div class=\"team-desc\"><div class=\"team-author\"><div class=\"team-author-name\">Auks\u0117 Janu\u0161auskait\u0117<\/div><p>KUSS Health Sciences Faculty's Student Representation's Vicechairwoman<\/p><\/div><div class=\"team-content\">\n<p>svmf.v@kuss.lt<\/p>\n\n\n\n<p>+37062846000<\/p>\n<\/div><div class=\"soc-ico\"><a title=\"E-mail\" href=\"mailto:svmf.v@kuss.lt\" target=\"_top\" class=\"mail\"><span class=\"soc-font-icon\"><\/span><span class=\"screen-reader-text\">E-mail<\/span><\/a><\/div><\/div><\/div><\/div><\/div><!-- iso-container|iso-grid --><\/div>[\/vc_column][\/vc_row]<\/p>\n<\/div>","protected":false},"excerpt":{"rendered":"<p>[vc_row][vc_column][\/vc_column][\/vc_row]<\/p>\n","protected":false},"author":4,"featured_media":0,"parent":0,"menu_order":0,"comment_status":"closed","ping_status":"closed","template":"","meta":{"footnotes":""},"class_list":["post-56103","page","type-page","status-publish","hentry","description-off"],"_links":{"self":[{"href":"https:\/\/kuss.lt\/en\/wp-json\/wp\/v2\/pages\/56103","targetHints":{"allow":["GET"]}}],"collection":[{"href":"https:\/\/kuss.lt\/en\/wp-json\/wp\/v2\/pages"}],"about":[{"href":"https:\/\/kuss.lt\/en\/wp-json\/wp\/v2\/types\/page"}],"author":[{"embeddable":true,"href":"https:\/\/kuss.lt\/en\/wp-json\/wp\/v2\/users\/4"}],"replies":[{"embeddable":true,"href":"https:\/\/kuss.lt\/en\/wp-json\/wp\/v2\/comments?post=56103"}],"version-history":[{"count":3,"href":"https:\/\/kuss.lt\/en\/wp-json\/wp\/v2\/pages\/56103\/revisions"}],"predecessor-version":[{"id":56120,"href":"https:\/\/kuss.lt\/en\/wp-json\/wp\/v2\/pages\/56103\/revisions\/56120"}],"wp:attachment":[{"href":"https:\/\/kuss.lt\/en\/wp-json\/wp\/v2\/media?parent=56103"}],"curies":[{"name":"wp","href":"https:\/\/api.w.org\/{rel}","templated":true}]}}